{"id":11862,"date":"2021-05-12T04:27:25","date_gmt":"2021-05-12T04:27:25","guid":{"rendered":"https:\/\/www.gavias-theme.com\/wp\/inusti\/?page_id=11862"},"modified":"2025-01-09T18:10:50","modified_gmt":"2025-01-09T17:10:50","slug":"prefabrykacja-szaf-sterowniczych","status":"publish","type":"page","link":"https:\/\/www.eapol.pl\/en\/uslugi\/prefabrykacja-szaf-sterowniczych\/","title":{"rendered":"Pre\u00adfab\u00adri\u00adca\u00adtion of con\u00adtrol cab\u00adi\u00adnets"},"content":{"rendered":"<div data-elementor-type=\"wp-page\" data-elementor-id=\"11862\" class=\"elementor elementor-11862\">\n\t\t\t\t\t\t<section class=\"elementor-section elementor-top-section elementor-element elementor-element-ac8d433 elementor-section-boxed elementor-section-height-default elementor-section-height-default\" data-id=\"ac8d433\" data-element_type=\"section\">\n\t\t\t\t\t\t<div class=\"elementor-container elementor-column-gap-default\">\n\t\t\t\t\t<div class=\"elementor-column elementor-col-50 elementor-top-column elementor-element elementor-element-8180b7c top column-style-top\" data-id=\"8180b7c\" data-element_type=\"column\">\n\t\t\t<div class=\"elementor-widget-wrap elementor-element-populated\">\n\t\t\t\t\t\t<div class=\"elementor-element elementor-element-78aeac1 elementor-widget__width-initial elementor-widget elementor-widget-text-editor\" data-id=\"78aeac1\" data-element_type=\"widget\" data-widget_type=\"text-editor.default\">\n\t\t\t\t<div class=\"elementor-widget-container\">\n\t\t\t\t\t\t\t\t\t<p>We are an expe\u00adri\u00adenced team of engi\u00adneers who have been pas\u00adsion\u00adate about indus\u00adtri\u00adal automa\u00adtion for years, deliv\u00ader\u00ading high-qual\u00adi\u00adty solu\u00adtions to our clients. We offer the pre\u00adfab\u00adri\u00adca\u00adtion of con\u00adtrol cab\u00adi\u00adnets \u2013 a key com\u00adpo\u00adnent for the safe and effi\u00adcient oper\u00ada\u00adtion of indus\u00adtri\u00adal equip\u00adment.&nbsp;<\/p>\n<p>Why Choose Our Com\u00adpa\u00adny?&nbsp;<\/p>\n<ol>\n<li>Pro\u00adfes\u00adsion\u00adal\u00adism and Expe\u00adri\u00adence: Our team con\u00adsists of high\u00adly qual\u00adi\u00adfied spe\u00adcial\u00adists with exten\u00adsive expe\u00adri\u00adence in design\u00ading and man\u00adu\u00adfac\u00adtur\u00ading con\u00adtrol cab\u00adi\u00adnets for var\u00adi\u00adous indus\u00adtri\u00adal sec\u00adtors. With knowl\u00adedge and cre\u00adativ\u00adi\u00adty, we can tai\u00adlor solu\u00adtions to meet the indi\u00advid\u00adual needs of every client. In our designs, we adhere to stan\u00addards such as PN-EN 60204\u20131:2010 and ensure com\u00adpli\u00adance with EU direc\u00adtives.<\/li>\n<li>Excel\u00adlent Qual\u00adi\u00adty: We pri\u00ador\u00adi\u00adtize reli\u00ada\u00adbil\u00adi\u00adty, which is why we use top-grade com\u00adpo\u00adnents and mate\u00adri\u00adals. This ensures that our con\u00adtrol cab\u00adi\u00adnets are durable and depend\u00adable. We pay close atten\u00adtion to detail, and our prod\u00aducts meet the high\u00adest stan\u00addards.&nbsp;<\/li>\n<li>Quick Exe\u00adcu\u00adtion: We under\u00adstand the val\u00adue of time in the indus\u00adtry. There\u00adfore, we man\u00adu\u00adfac\u00adture our con\u00adtrol cab\u00adi\u00adnets prompt\u00adly and deliv\u00ader them accord\u00ading to the agreed-upon sched\u00adule. Effi\u00adcient pro\u00adduc\u00adtion process\u00ades enable us to reduce lead times for the fin\u00adished prod\u00aducts.&nbsp;<\/li>\n<li>Cus\u00adtomized Approach: We treat every project as unique. Our team col\u00adlab\u00ado\u00adrates with the client, gain\u00ading a deep under\u00adstand\u00ading of their needs and oper\u00ada\u00adtional specifics. We cre\u00adate con\u00adtrol cab\u00adi\u00adnets tai\u00adlored to spe\u00adcif\u00adic appli\u00adca\u00adtions.&nbsp;<\/li>\n<li>Ser\u00advice and Tech\u00adni\u00adcal Sup\u00adport: Our ser\u00advice does\u00adn\u2019t end with the deliv\u00adery of the con\u00adtrol cab\u00adi\u00adnet. We pro\u00advide tech\u00adni\u00adcal sup\u00adport and ser\u00advic\u00ading to ensure the effi\u00adcient and trou\u00adble-free oper\u00ada\u00adtion of our prod\u00aducts.&nbsp;<\/li>\n<\/ol>\n<p>Pre\u00adfab con\u00adtrol cab\u00adi\u00adnets allow cus\u00adtomers to save time and costs while avoid\u00ading the con\u00adstruc\u00adtion of cab\u00adi\u00adnets from scratch. Our prod\u00aducts are ready for instal\u00adla\u00adtion, enabling the opti\u00admiza\u00adtion of process\u00ades in man\u00adu\u00adfac\u00adtur\u00ading facil\u00adi\u00adties.&nbsp;<\/p>\n<p>We invite you to col\u00adlab\u00ado\u00adrate with us. We are con\u00adfi\u00addent that our solu\u00adtions will con\u00adtribute to improv\u00ading effi\u00adcien\u00adcy and safe\u00adty in your enter\u00adprise.&nbsp;<\/p>\n<p>We would be hap\u00adpy to pro\u00advide more details about our ser\u00advices and solu\u00adtions. Togeth\u00ader, we can cre\u00adate a future for auto\u00admat\u00aded and inno\u00adv\u00ada\u00adtive indus\u00adtry!&nbsp;<\/p>\n<p><br><\/p>\t\t\t\t\t\t\t\t<\/div>\n\t\t\t\t<\/div>\n\t\t\t\t\t<\/div>\n\t\t<\/div>\n\t\t\t\t<div class=\"elementor-column elementor-col-50 elementor-top-column elementor-element elementor-element-6343d62 top column-style-top\" data-id=\"6343d62\" data-element_type=\"column\">\n\t\t\t<div class=\"elementor-widget-wrap elementor-element-populated\">\n\t\t\t\t\t\t<div class=\"elementor-element elementor-element-1e3486d elementor-widget elementor-widget-image-gallery\" data-id=\"1e3486d\" data-element_type=\"widget\" data-widget_type=\"image-gallery.default\">\n\t\t\t\t<div class=\"elementor-widget-container\">\n\t\t\t\t\t\t\t<div class=\"elementor-image-gallery\">\n\t\t\t\n\t\t<style type=\"text\/css\">\n\t\t\t#gallery-1 {\n\t\t\t\tmargin: auto;\n\t\t\t}\n\t\t\t#gallery-1 .gallery-item {\n\t\t\t\tfloat: left;\n\t\t\t\tmargin-top: 10px;\n\t\t\t\ttext-align: center;\n\t\t\t\twidth: 50%;\n\t\t\t}\n\t\t\t#gallery-1 img {\n\t\t\t\tborder: 2px solid #cfcfcf;\n\t\t\t}\n\t\t\t#gallery-1 .gallery-caption {\n\t\t\t\tmargin-left: 0;\n\t\t\t}\n\t\t\t\/* see gallery_shortcode() in wp-includes\/media.php *\/\n\t\t<\/style>\n\t\t<div id=\"gallery-1\" class=\"gallery galleryid-11862 gallery-columns-2 gallery-size-medium\"><dl class=\"gallery-item\">\n\t\t\t<dt class=\"gallery-icon portrait\">\n\t\t\t\t<a data-elementor-open-lightbox=\"yes\" data-elementor-lightbox-slideshow=\"1e3486d\" data-elementor-lightbox-title=\"IMG_20220412_085432\" data-e-action-hash=\"#elementor-action%3Aaction%3Dlightbox%26settings%3DeyJpZCI6MTMxMDMsInVybCI6Imh0dHBzOlwvXC93d3cuZWFwb2wucGxcL3dwLWNvbnRlbnRcL3VwbG9hZHNcLzIwMjNcLzA3XC9JTUdfMjAyMjA0MTJfMDg1NDMyLXNjYWxlZC5qcGciLCJzbGlkZXNob3ciOiIxZTM0ODZkIn0%3D\" href=\"https:\/\/www.eapol.pl\/wp-content\/uploads\/2023\/07\/IMG_20220412_085432-scaled.jpg\"><img fetchpriority=\"high\" decoding=\"async\" width=\"600\" height=\"600\" src=\"https:\/\/www.eapol.pl\/wp-content\/uploads\/2023\/07\/IMG_20220412_085432-600x600.jpg\" class=\"attachment-medium size-medium\" alt srcset=\"https:\/\/www.eapol.pl\/wp-content\/uploads\/2023\/07\/IMG_20220412_085432-600x600.jpg.webp 600w, https:\/\/www.eapol.pl\/wp-content\/uploads\/2023\/07\/IMG_20220412_085432-180x180.jpg.webp 180w\" sizes=\"(max-width: 600px) 100vw, 600px\"><\/a>\n\t\t\t<\/dt><\/dl><dl class=\"gallery-item\">\n\t\t\t<dt class=\"gallery-icon landscape\">\n\t\t\t\t<a data-elementor-open-lightbox=\"yes\" data-elementor-lightbox-slideshow=\"1e3486d\" data-elementor-lightbox-title=\"IMG_20220506_123759\" data-e-action-hash=\"#elementor-action%3Aaction%3Dlightbox%26settings%3DeyJpZCI6MTMxMDQsInVybCI6Imh0dHBzOlwvXC93d3cuZWFwb2wucGxcL3dwLWNvbnRlbnRcL3VwbG9hZHNcLzIwMjNcLzA3XC9JTUdfMjAyMjA1MDZfMTIzNzU5LXNjYWxlZC5qcGciLCJzbGlkZXNob3ciOiIxZTM0ODZkIn0%3D\" href=\"https:\/\/www.eapol.pl\/wp-content\/uploads\/2023\/07\/IMG_20220506_123759-scaled.jpg\"><img decoding=\"async\" width=\"600\" height=\"600\" src=\"https:\/\/www.eapol.pl\/wp-content\/uploads\/2023\/07\/IMG_20220506_123759-600x600.jpg\" class=\"attachment-medium size-medium\" alt srcset=\"https:\/\/www.eapol.pl\/wp-content\/uploads\/2023\/07\/IMG_20220506_123759-600x600.jpg.webp 600w, https:\/\/www.eapol.pl\/wp-content\/uploads\/2023\/07\/IMG_20220506_123759-180x180.jpg.webp 180w\" sizes=\"(max-width: 600px) 100vw, 600px\"><\/a>\n\t\t\t<\/dt><\/dl><br style=\"clear: both\"><dl class=\"gallery-item\">\n\t\t\t<dt class=\"gallery-icon landscape\">\n\t\t\t\t<a data-elementor-open-lightbox=\"yes\" data-elementor-lightbox-slideshow=\"1e3486d\" data-elementor-lightbox-title=\"IMG_20220726_180846989\" data-e-action-hash=\"#elementor-action%3Aaction%3Dlightbox%26settings%3DeyJpZCI6MTMxMDUsInVybCI6Imh0dHBzOlwvXC93d3cuZWFwb2wucGxcL3dwLWNvbnRlbnRcL3VwbG9hZHNcLzIwMjNcLzA3XC9JTUdfMjAyMjA3MjZfMTgwODQ2OTg5LXNjYWxlZC5qcGciLCJzbGlkZXNob3ciOiIxZTM0ODZkIn0%3D\" href=\"https:\/\/www.eapol.pl\/wp-content\/uploads\/2023\/07\/IMG_20220726_180846989-scaled.jpg\"><img decoding=\"async\" width=\"600\" height=\"600\" src=\"https:\/\/www.eapol.pl\/wp-content\/uploads\/2023\/07\/IMG_20220726_180846989-600x600.jpg\" class=\"attachment-medium size-medium\" alt srcset=\"https:\/\/www.eapol.pl\/wp-content\/uploads\/2023\/07\/IMG_20220726_180846989-600x600.jpg.webp 600w, https:\/\/www.eapol.pl\/wp-content\/uploads\/2023\/07\/IMG_20220726_180846989-180x180.jpg.webp 180w\" sizes=\"(max-width: 600px) 100vw, 600px\"><\/a>\n\t\t\t<\/dt><\/dl><dl class=\"gallery-item\">\n\t\t\t<dt class=\"gallery-icon landscape\">\n\t\t\t\t<a data-elementor-open-lightbox=\"yes\" data-elementor-lightbox-slideshow=\"1e3486d\" data-elementor-lightbox-title=\"IMG_20221215_132048510\" data-e-action-hash=\"#elementor-action%3Aaction%3Dlightbox%26settings%3DeyJpZCI6MTMxMDYsInVybCI6Imh0dHBzOlwvXC93d3cuZWFwb2wucGxcL3dwLWNvbnRlbnRcL3VwbG9hZHNcLzIwMjNcLzA3XC9JTUdfMjAyMjEyMTVfMTMyMDQ4NTEwLXNjYWxlZC1lMTY5MDgzMTY4NDUwMS5qcGciLCJzbGlkZXNob3ciOiIxZTM0ODZkIn0%3D\" href=\"https:\/\/www.eapol.pl\/wp-content\/uploads\/2023\/07\/IMG_20221215_132048510-scaled-e1690831684501.jpg\"><img loading=\"lazy\" decoding=\"async\" width=\"600\" height=\"600\" src=\"https:\/\/www.eapol.pl\/wp-content\/uploads\/2023\/07\/IMG_20221215_132048510-scaled-e1690831684501-600x600.jpg\" class=\"attachment-medium size-medium\" alt srcset=\"https:\/\/www.eapol.pl\/wp-content\/uploads\/2023\/07\/IMG_20221215_132048510-scaled-e1690831684501-600x600.jpg.webp 600w, https:\/\/www.eapol.pl\/wp-content\/uploads\/2023\/07\/IMG_20221215_132048510-scaled-e1690831684501-180x180.jpg.webp 180w\" sizes=\"(max-width: 600px) 100vw, 600px\"><\/a>\n\t\t\t<\/dt><\/dl><br style=\"clear: both\"><dl class=\"gallery-item\">\n\t\t\t<dt class=\"gallery-icon landscape\">\n\t\t\t\t<a data-elementor-open-lightbox=\"yes\" data-elementor-lightbox-slideshow=\"1e3486d\" data-elementor-lightbox-title=\"IMG_20230211_115007878\" data-e-action-hash=\"#elementor-action%3Aaction%3Dlightbox%26settings%3DeyJpZCI6MTMxMDcsInVybCI6Imh0dHBzOlwvXC93d3cuZWFwb2wucGxcL3dwLWNvbnRlbnRcL3VwbG9hZHNcLzIwMjNcLzA3XC9JTUdfMjAyMzAyMTFfMTE1MDA3ODc4LXNjYWxlZC5qcGciLCJzbGlkZXNob3ciOiIxZTM0ODZkIn0%3D\" href=\"https:\/\/www.eapol.pl\/wp-content\/uploads\/2023\/07\/IMG_20230211_115007878-scaled.jpg\"><img loading=\"lazy\" decoding=\"async\" width=\"600\" height=\"600\" src=\"https:\/\/www.eapol.pl\/wp-content\/uploads\/2023\/07\/IMG_20230211_115007878-600x600.jpg\" class=\"attachment-medium size-medium\" alt srcset=\"https:\/\/www.eapol.pl\/wp-content\/uploads\/2023\/07\/IMG_20230211_115007878-600x600.jpg.webp 600w, https:\/\/www.eapol.pl\/wp-content\/uploads\/2023\/07\/IMG_20230211_115007878-180x180.jpg.webp 180w\" sizes=\"(max-width: 600px) 100vw, 600px\"><\/a>\n\t\t\t<\/dt><\/dl><dl class=\"gallery-item\">\n\t\t\t<dt class=\"gallery-icon portrait\">\n\t\t\t\t<a data-elementor-open-lightbox=\"yes\" data-elementor-lightbox-slideshow=\"1e3486d\" data-elementor-lightbox-title=\"IMG_20230211_125346127\" data-e-action-hash=\"#elementor-action%3Aaction%3Dlightbox%26settings%3DeyJpZCI6MTMxMDgsInVybCI6Imh0dHBzOlwvXC93d3cuZWFwb2wucGxcL3dwLWNvbnRlbnRcL3VwbG9hZHNcLzIwMjNcLzA3XC9JTUdfMjAyMzAyMTFfMTI1MzQ2MTI3LXNjYWxlZC5qcGciLCJzbGlkZXNob3ciOiIxZTM0ODZkIn0%3D\" href=\"https:\/\/www.eapol.pl\/wp-content\/uploads\/2023\/07\/IMG_20230211_125346127-scaled.jpg\"><img loading=\"lazy\" decoding=\"async\" width=\"600\" height=\"600\" src=\"https:\/\/www.eapol.pl\/wp-content\/uploads\/2023\/07\/IMG_20230211_125346127-600x600.jpg\" class=\"attachment-medium size-medium\" alt srcset=\"https:\/\/www.eapol.pl\/wp-content\/uploads\/2023\/07\/IMG_20230211_125346127-600x600.jpg.webp 600w, https:\/\/www.eapol.pl\/wp-content\/uploads\/2023\/07\/IMG_20230211_125346127-180x180.jpg.webp 180w\" sizes=\"(max-width: 600px) 100vw, 600px\"><\/a>\n\t\t\t<\/dt><\/dl><br style=\"clear: both\"><dl class=\"gallery-item\">\n\t\t\t<dt class=\"gallery-icon landscape\">\n\t\t\t\t<a data-elementor-open-lightbox=\"yes\" data-elementor-lightbox-slideshow=\"1e3486d\" data-elementor-lightbox-title=\"IMG_20230211_125926455\" data-e-action-hash=\"#elementor-action%3Aaction%3Dlightbox%26settings%3DeyJpZCI6MTMxMDksInVybCI6Imh0dHBzOlwvXC93d3cuZWFwb2wucGxcL3dwLWNvbnRlbnRcL3VwbG9hZHNcLzIwMjNcLzA3XC9JTUdfMjAyMzAyMTFfMTI1OTI2NDU1LXNjYWxlZC5qcGciLCJzbGlkZXNob3ciOiIxZTM0ODZkIn0%3D\" href=\"https:\/\/www.eapol.pl\/wp-content\/uploads\/2023\/07\/IMG_20230211_125926455-scaled.jpg\"><img loading=\"lazy\" decoding=\"async\" width=\"600\" height=\"600\" src=\"https:\/\/www.eapol.pl\/wp-content\/uploads\/2023\/07\/IMG_20230211_125926455-600x600.jpg\" class=\"attachment-medium size-medium\" alt srcset=\"https:\/\/www.eapol.pl\/wp-content\/uploads\/2023\/07\/IMG_20230211_125926455-600x600.jpg.webp 600w, https:\/\/www.eapol.pl\/wp-content\/uploads\/2023\/07\/IMG_20230211_125926455-180x180.jpg.webp 180w\" sizes=\"(max-width: 600px) 100vw, 600px\"><\/a>\n\t\t\t<\/dt><\/dl><dl class=\"gallery-item\">\n\t\t\t<dt class=\"gallery-icon portrait\">\n\t\t\t\t<a data-elementor-open-lightbox=\"yes\" data-elementor-lightbox-slideshow=\"1e3486d\" data-elementor-lightbox-title=\"IMG_20230216_165508275\" data-e-action-hash=\"#elementor-action%3Aaction%3Dlightbox%26settings%3DeyJpZCI6MTMxMTAsInVybCI6Imh0dHBzOlwvXC93d3cuZWFwb2wucGxcL3dwLWNvbnRlbnRcL3VwbG9hZHNcLzIwMjNcLzA3XC9JTUdfMjAyMzAyMTZfMTY1NTA4Mjc1LXNjYWxlZC5qcGciLCJzbGlkZXNob3ciOiIxZTM0ODZkIn0%3D\" href=\"https:\/\/www.eapol.pl\/wp-content\/uploads\/2023\/07\/IMG_20230216_165508275-scaled.jpg\"><img loading=\"lazy\" decoding=\"async\" width=\"600\" height=\"600\" src=\"https:\/\/www.eapol.pl\/wp-content\/uploads\/2023\/07\/IMG_20230216_165508275-600x600.jpg\" class=\"attachment-medium size-medium\" alt srcset=\"https:\/\/www.eapol.pl\/wp-content\/uploads\/2023\/07\/IMG_20230216_165508275-600x600.jpg.webp 600w, https:\/\/www.eapol.pl\/wp-content\/uploads\/2023\/07\/IMG_20230216_165508275-180x180.jpg.webp 180w\" sizes=\"(max-width: 600px) 100vw, 600px\"><\/a>\n\t\t\t<\/dt><\/dl><br style=\"clear: both\">\n\t\t<\/div>\n\t\t<\/div>\n\t\t\t\t\t\t<\/div>\n\t\t\t\t<\/div>\n\t\t\t\t\t<\/div>\n\t\t<\/div>\n\t\t\t\t\t<\/div>\n\t\t<\/section>\n\t\t\t\t<section class=\"elementor-section elementor-top-section elementor-element elementor-element-7fb4a1e elementor-section-boxed elementor-section-height-default elementor-section-height-default\" data-id=\"7fb4a1e\" data-element_type=\"section\">\n\t\t\t\t\t\t<div class=\"elementor-container elementor-column-gap-default\">\n\t\t\t\t\t<div class=\"elementor-column elementor-col-100 elementor-top-column elementor-element elementor-element-c587dd8 top column-style-top\" data-id=\"c587dd8\" data-element_type=\"column\">\n\t\t\t<div class=\"elementor-widget-wrap\">\n\t\t\t\t\t\t\t<\/div>\n\t\t<\/div>\n\t\t\t\t\t<\/div>\n\t\t<\/section>\n\t\t\t\t<\/div>","protected":false},"excerpt":{"rendered":"<p>Jeste\u015bmy do\u015bwiad\u00adc\u00adzonym zespo\u0142em in\u017cynier\u00f3w, kt\u00f3rzy od lat pasjonu\u00adj\u0105 si\u0119 automatyk\u0105 prze\u00admys\u0142ow\u0105 i dostar\u00adcza\u00adj\u0105 klien\u00adtom rozwi\u0105za\u00adnia najwy\u017cszej jako\u015b\u00adci. Ofer\u00adu\u00adje\u00admy pre\u00adfab\u00adrykacj\u0119 szaf sterown\u00adiczych \u2013 kluc\u00adzowego ele\u00admen\u00adtu w przy\u00adpad\u00adku bez\u00adpiecznego i efek\u00adty\u00adwnego dzi\u00ada\u0142a\u00adnia [\u2026]<\/p>","protected":false},"author":1,"featured_media":0,"parent":3124,"menu_order":0,"comment_status":"closed","ping_status":"closed","template":"","meta":{"_acf_changed":false,"wp_typography_post_enhancements_disabled":false,"_themeisle_gutenberg_block_has_review":false,"footnotes":""},"class_list":["post-11862","page","type-page","status-publish","hentry"],"acf":[],"yoast_head":"<!-- This site is optimized with the Yoast SEO plugin v26.3 - https:\/\/yoast.com\/wordpress\/plugins\/seo\/ -->\n<title>Prefabrykacja szaf sterowniczych \u2013 Eapol<\/title>\n<meta name=\"description\" content=\"Eapol to ekspert w prefabrykacji szaf sterowniczych. Gwarantujemy bezpiecze\u0144stwo, efektywno\u015b\u0107 i jako\u015b\u0107 automatyki przemys\u0142owej. Zaufaj do\u015bwiadczeniu.\" \/>\n<meta name=\"robots\" content=\"index, follow, max-snippet:-1, max-image-preview:large, max-video-preview:-1\" \/>\n<link rel=\"canonical\" href=\"https:\/\/www.eapol.pl\/en\/uslugi\/prefabrykacja-szaf-sterowniczych\/\" \/>\n<meta property=\"og:locale\" content=\"en_GB\" \/>\n<meta property=\"og:type\" content=\"article\" \/>\n<meta property=\"og:title\" content=\"Prefabrykacja szaf sterowniczych \u2013 Eapol\" \/>\n<meta property=\"og:description\" content=\"Eapol to ekspert w prefabrykacji szaf sterowniczych. Gwarantujemy bezpiecze\u0144stwo, efektywno\u015b\u0107 i jako\u015b\u0107 automatyki przemys\u0142owej. Zaufaj do\u015bwiadczeniu.\" \/>\n<meta property=\"og:url\" content=\"https:\/\/www.eapol.pl\/en\/uslugi\/prefabrykacja-szaf-sterowniczych\/\" \/>\n<meta property=\"og:site_name\" content=\"EAPOL\" \/>\n<meta property=\"article:modified_time\" content=\"2025-01-09T17:10:50+00:00\" \/>\n<meta property=\"og:image\" content=\"https:\/\/www.eapol.pl\/wp-content\/uploads\/2023\/07\/IMG_20220412_085432-600x600.jpg\" \/>\n<meta name=\"twitter:card\" content=\"summary_large_image\" \/>\n<meta name=\"twitter:label1\" content=\"Estimated reading time\" \/>\n\t<meta name=\"twitter:data1\" content=\"4 minutes\" \/>\n<script type=\"application\/ld+json\" class=\"yoast-schema-graph\">{\"@context\":\"https:\/\/schema.org\",\"@graph\":[{\"@type\":\"WebPage\",\"@id\":\"https:\/\/www.eapol.pl\/uslugi\/prefabrykacja-szaf-sterowniczych\/\",\"url\":\"https:\/\/www.eapol.pl\/uslugi\/prefabrykacja-szaf-sterowniczych\/\",\"name\":\"Prefabrykacja szaf sterowniczych \u2013 Eapol\",\"isPartOf\":{\"@id\":\"https:\/\/www.eapol.pl\/#website\"},\"primaryImageOfPage\":{\"@id\":\"https:\/\/www.eapol.pl\/uslugi\/prefabrykacja-szaf-sterowniczych\/#primaryimage\"},\"image\":{\"@id\":\"https:\/\/www.eapol.pl\/uslugi\/prefabrykacja-szaf-sterowniczych\/#primaryimage\"},\"thumbnailUrl\":\"https:\/\/www.eapol.pl\/wp-content\/uploads\/2023\/07\/IMG_20220412_085432-600x600.jpg\",\"datePublished\":\"2021-05-12T04:27:25+00:00\",\"dateModified\":\"2025-01-09T17:10:50+00:00\",\"description\":\"Eapol to ekspert w prefabrykacji szaf sterowniczych. Gwarantujemy bezpiecze\u0144stwo, efektywno\u015b\u0107 i jako\u015b\u0107 automatyki przemys\u0142owej. Zaufaj do\u015bwiadczeniu.\",\"breadcrumb\":{\"@id\":\"https:\/\/www.eapol.pl\/uslugi\/prefabrykacja-szaf-sterowniczych\/#breadcrumb\"},\"inLanguage\":\"en-GB\",\"potentialAction\":[{\"@type\":\"ReadAction\",\"target\":[\"https:\/\/www.eapol.pl\/uslugi\/prefabrykacja-szaf-sterowniczych\/\"]}]},{\"@type\":\"ImageObject\",\"inLanguage\":\"en-GB\",\"@id\":\"https:\/\/www.eapol.pl\/uslugi\/prefabrykacja-szaf-sterowniczych\/#primaryimage\",\"url\":\"https:\/\/www.eapol.pl\/wp-content\/uploads\/2023\/07\/IMG_20220412_085432-600x600.jpg\",\"contentUrl\":\"https:\/\/www.eapol.pl\/wp-content\/uploads\/2023\/07\/IMG_20220412_085432-600x600.jpg\"},{\"@type\":\"BreadcrumbList\",\"@id\":\"https:\/\/www.eapol.pl\/uslugi\/prefabrykacja-szaf-sterowniczych\/#breadcrumb\",\"itemListElement\":[{\"@type\":\"ListItem\",\"position\":1,\"name\":\"Strona g\u0142\u00f3wna\",\"item\":\"https:\/\/www.eapol.pl\/\"},{\"@type\":\"ListItem\",\"position\":2,\"name\":\"Us\u0142ugi\",\"item\":\"https:\/\/www.eapol.pl\/uslugi\/\"},{\"@type\":\"ListItem\",\"position\":3,\"name\":\"Prefabrykacja szaf sterowniczych\"}]},{\"@type\":\"WebSite\",\"@id\":\"https:\/\/www.eapol.pl\/#website\",\"url\":\"https:\/\/www.eapol.pl\/\",\"name\":\"EAPOL\",\"description\":\"\",\"publisher\":{\"@id\":\"https:\/\/www.eapol.pl\/#organization\"},\"potentialAction\":[{\"@type\":\"SearchAction\",\"target\":{\"@type\":\"EntryPoint\",\"urlTemplate\":\"https:\/\/www.eapol.pl\/?s={search_term_string}\"},\"query-input\":{\"@type\":\"PropertyValueSpecification\",\"valueRequired\":true,\"valueName\":\"search_term_string\"}}],\"inLanguage\":\"en-GB\"},{\"@type\":\"Organization\",\"@id\":\"https:\/\/www.eapol.pl\/#organization\",\"name\":\"EAPOL\",\"url\":\"https:\/\/www.eapol.pl\/\",\"logo\":{\"@type\":\"ImageObject\",\"inLanguage\":\"en-GB\",\"@id\":\"https:\/\/www.eapol.pl\/#\/schema\/logo\/image\/\",\"url\":\"https:\/\/www.eapol.pl\/wp-content\/uploads\/2019\/05\/logo2-1.png\",\"contentUrl\":\"https:\/\/www.eapol.pl\/wp-content\/uploads\/2019\/05\/logo2-1.png\",\"width\":411,\"height\":207,\"caption\":\"EAPOL\"},\"image\":{\"@id\":\"https:\/\/www.eapol.pl\/#\/schema\/logo\/image\/\"}}]}<\/script>\n<!-- \/ Yoast SEO plugin. -->","yoast_head_json":{"title":"Pre\u00adfab\u00adrykac\u00adja szaf sterown\u00adiczych \u2013 Eapol","description":"Eapol to ekspert w pre\u00adfab\u00adrykacji szaf sterown\u00adiczych. Gwaran\u00adtu\u00adje\u00admy bez\u00adpiecze\u0144st\u00adwo, efek\u00adty\u00adwno\u015b\u0107 i jako\u015b\u0107 automaty\u00adki prze\u00admys\u0142owej. Zau\u00adfaj do\u015bwiad\u00adcze\u00adniu.","robots":{"index":"index","follow":"follow","max-snippet":"max-snippet:-1","max-image-preview":"max-image-preview:large","max-video-preview":"max-video-preview:-1"},"canonical":"https:\/\/www.eapol.pl\/en\/uslugi\/prefabrykacja-szaf-sterowniczych\/","og_locale":"en_GB","og_type":"article","og_title":"Prefabrykacja szaf sterowniczych \u2013 Eapol","og_description":"Eapol to ekspert w prefabrykacji szaf sterowniczych. Gwarantujemy bezpiecze\u0144stwo, efektywno\u015b\u0107 i jako\u015b\u0107 automatyki przemys\u0142owej. Zaufaj do\u015bwiadczeniu.","og_url":"https:\/\/www.eapol.pl\/en\/uslugi\/prefabrykacja-szaf-sterowniczych\/","og_site_name":"EAPOL","article_modified_time":"2025-01-09T17:10:50+00:00","og_image":[{"url":"https:\/\/www.eapol.pl\/wp-content\/uploads\/2023\/07\/IMG_20220412_085432-600x600.jpg","type":"","width":"","height":""}],"twitter_card":"summary_large_image","twitter_misc":{"Estimated reading time":"4 minutes"},"schema":{"@context":"https:\/\/schema.org","@graph":[{"@type":"WebPage","@id":"https:\/\/www.eapol.pl\/uslugi\/prefabrykacja-szaf-sterowniczych\/","url":"https:\/\/www.eapol.pl\/uslugi\/prefabrykacja-szaf-sterowniczych\/","name":"Pre\u00adfab\u00adrykac\u00adja szaf sterown\u00adiczych \u2013 Eapol","isPartOf":{"@id":"https:\/\/www.eapol.pl\/#website"},"primaryImageOfPage":{"@id":"https:\/\/www.eapol.pl\/uslugi\/prefabrykacja-szaf-sterowniczych\/#primaryimage"},"image":{"@id":"https:\/\/www.eapol.pl\/uslugi\/prefabrykacja-szaf-sterowniczych\/#primaryimage"},"thumbnailUrl":"https:\/\/www.eapol.pl\/wp-content\/uploads\/2023\/07\/IMG_20220412_085432-600x600.jpg","datePublished":"2021-05-12T04:27:25+00:00","dateModified":"2025-01-09T17:10:50+00:00","description":"Eapol to ekspert w pre\u00adfab\u00adrykacji szaf sterown\u00adiczych. Gwaran\u00adtu\u00adje\u00admy bez\u00adpiecze\u0144st\u00adwo, efek\u00adty\u00adwno\u015b\u0107 i jako\u015b\u0107 automaty\u00adki prze\u00admys\u0142owej. Zau\u00adfaj do\u015bwiad\u00adcze\u00adniu.","breadcrumb":{"@id":"https:\/\/www.eapol.pl\/uslugi\/prefabrykacja-szaf-sterowniczych\/#breadcrumb"},"inLanguage":"en-GB","potentialAction":[{"@type":"ReadAction","target":["https:\/\/www.eapol.pl\/uslugi\/prefabrykacja-szaf-sterowniczych\/"]}]},{"@type":"ImageObject","inLanguage":"en-GB","@id":"https:\/\/www.eapol.pl\/uslugi\/prefabrykacja-szaf-sterowniczych\/#primaryimage","url":"https:\/\/www.eapol.pl\/wp-content\/uploads\/2023\/07\/IMG_20220412_085432-600x600.jpg","contentUrl":"https:\/\/www.eapol.pl\/wp-content\/uploads\/2023\/07\/IMG_20220412_085432-600x600.jpg"},{"@type":"BreadcrumbList","@id":"https:\/\/www.eapol.pl\/uslugi\/prefabrykacja-szaf-sterowniczych\/#breadcrumb","itemListElement":[{"@type":"ListItem","position":1,"name":"Strona g\u0142\u00f3wna","item":"https:\/\/www.eapol.pl\/"},{"@type":"ListItem","position":2,"name":"Us\u0142ugi","item":"https:\/\/www.eapol.pl\/uslugi\/"},{"@type":"ListItem","position":3,"name":"Prefabrykacja szaf sterowniczych"}]},{"@type":"WebSite","@id":"https:\/\/www.eapol.pl\/#website","url":"https:\/\/www.eapol.pl\/","name":"EAPOL","description":"","publisher":{"@id":"https:\/\/www.eapol.pl\/#organization"},"potentialAction":[{"@type":"SearchAction","target":{"@type":"EntryPoint","urlTemplate":"https:\/\/www.eapol.pl\/?s={search_term_string}"},"query-input":{"@type":"PropertyValueSpecification","valueRequired":true,"valueName":"search_term_string"}}],"inLanguage":"en-GB"},{"@type":"Organization","@id":"https:\/\/www.eapol.pl\/#organization","name":"EAPOL","url":"https:\/\/www.eapol.pl\/","logo":{"@type":"ImageObject","inLanguage":"en-GB","@id":"https:\/\/www.eapol.pl\/#\/schema\/logo\/image\/","url":"https:\/\/www.eapol.pl\/wp-content\/uploads\/2019\/05\/logo2-1.png","contentUrl":"https:\/\/www.eapol.pl\/wp-content\/uploads\/2019\/05\/logo2-1.png","width":411,"height":207,"caption":"EAPOL"},"image":{"@id":"https:\/\/www.eapol.pl\/#\/schema\/logo\/image\/"}}]}},"_links":{"self":[{"href":"https:\/\/www.eapol.pl\/en\/wp-json\/wp\/v2\/pages\/11862","targetHints":{"allow":["GET"]}}],"collection":[{"href":"https:\/\/www.eapol.pl\/en\/wp-json\/wp\/v2\/pages"}],"about":[{"href":"https:\/\/www.eapol.pl\/en\/wp-json\/wp\/v2\/types\/page"}],"author":[{"embeddable":true,"href":"https:\/\/www.eapol.pl\/en\/wp-json\/wp\/v2\/users\/1"}],"replies":[{"embeddable":true,"href":"https:\/\/www.eapol.pl\/en\/wp-json\/wp\/v2\/comments?post=11862"}],"version-history":[{"count":1,"href":"https:\/\/www.eapol.pl\/en\/wp-json\/wp\/v2\/pages\/11862\/revisions"}],"predecessor-version":[{"id":16162,"href":"https:\/\/www.eapol.pl\/en\/wp-json\/wp\/v2\/pages\/11862\/revisions\/16162"}],"up":[{"embeddable":true,"href":"https:\/\/www.eapol.pl\/en\/wp-json\/wp\/v2\/pages\/3124"}],"wp:attachment":[{"href":"https:\/\/www.eapol.pl\/en\/wp-json\/wp\/v2\/media?parent=11862"}],"curies":[{"name":"wp","href":"https:\/\/api.w.org\/{rel}","templated":true}]}}