{"id":12918,"date":"2015-12-10T13:26:53","date_gmt":"2015-12-10T13:26:53","guid":{"rendered":"https:\/\/www.gavias-theme.com\/wp\/inusti\/?page_id=2"},"modified":"2025-01-09T18:08:45","modified_gmt":"2025-01-09T17:08:45","slug":"generalne-wykonawstwo","status":"publish","type":"page","link":"https:\/\/www.eapol.pl\/en\/uslugi\/generalne-wykonawstwo\/","title":{"rendered":"Gen\u00ader\u00adal con\u00adtract\u00ading for indus\u00adtri\u00adal instal\u00adla\u00adtions"},"content":{"rendered":"<div data-elementor-type=\"wp-page\" data-elementor-id=\"12918\" class=\"elementor elementor-12918\">\n\t\t\t\t\t\t<section class=\"elementor-section elementor-top-section elementor-element elementor-element-8020322 elementor-section-boxed elementor-section-height-default elementor-section-height-default\" data-id=\"8020322\" data-element_type=\"section\">\n\t\t\t\t\t\t<div class=\"elementor-container elementor-column-gap-default\">\n\t\t\t\t\t<div class=\"elementor-column elementor-col-50 elementor-top-column elementor-element elementor-element-96050c4 top column-style-top\" data-id=\"96050c4\" data-element_type=\"column\">\n\t\t\t<div class=\"elementor-widget-wrap elementor-element-populated\">\n\t\t\t\t\t\t<div class=\"elementor-element elementor-element-776a823 elementor-widget elementor-widget-text-editor\" data-id=\"776a823\" data-element_type=\"widget\" data-widget_type=\"text-editor.default\">\n\t\t\t\t<div class=\"elementor-widget-container\">\n\t\t\t\t\t\t\t\t\t<h3><span class=\"TextRun SCXO1075686 BCX2\" lang=\"PL-PL\" xml:lang=\"PL-PL\" data-contrast=\"auto\"><span class=\"NormalTextRun SCXO1075686 BCX2\">Professionalism, efficiency, innovation<\/span><\/span><\/h3>\n<p><span data-contrast=\"auto\">Gen\u00ader\u00adal con\u00adtract\u00ading in the indus\u00adtri\u00adal instal\u00adla\u00adtion sec\u00adtor proves cru\u00adcial for achiev\u00ading advanced and com\u00adpre\u00adhen\u00adsive solu\u00adtions across var\u00adi\u00adous indus\u00adtri\u00adal sec\u00adtors. We pro\u00advide gen\u00ader\u00adal con\u00adtract\u00ading ser\u00advices: as the pri\u00adma\u00adry project execu\u00adtor, we over\u00adsee the entire process \u2013 from analy\u00adsis and design to imple\u00admen\u00adta\u00adtion and sys\u00adtem acti\u00adva\u00adtion.<\/span>&nbsp;<\/p>\n<p><span data-contrast=\"auto\">Our com\u00adpa\u00adny\u2019s hall\u00admark is com\u00adpre\u00adhen\u00adsive cus\u00adtomer ser\u00advice. We focus on cre\u00adat\u00ading inte\u00adgrat\u00aded solu\u00adtions that max\u00adi\u00admize effi\u00adcien\u00adcy, min\u00adi\u00admize risk, and ensure opti\u00admal resource uti\u00adliza\u00adtion in man\u00adu\u00adfac\u00adtur\u00ading facil\u00adi\u00adties.<\/span>&nbsp;<\/p>\n<p><\/p>\n<p><strong>The key ele\u00adments char\u00adac\u00adter\u00adiz\u00ading our com\u00adpa\u00adny are:<\/strong>&nbsp;<\/p>\n<ol>\n<li data-aria-posinset=\"1\" data-aria-level=\"2\"><span data-contrast=\"auto\">Pro\u00adfes\u00adsion\u00adal\u00adism and Expe\u00adri\u00adence: We are a team of engi\u00adneers with exten\u00adsive expe\u00adri\u00adence in work\u00ading on diverse automa\u00adtion projects. Our knowl\u00adedge and skills enable us to opti\u00admize man\u00adu\u00adfac\u00adtur\u00ading process\u00ades and effec\u00adtive\u00adly address tech\u00adni\u00adcal chal\u00adlenges.<\/span>&nbsp;<\/li>\n<li data-aria-posinset=\"2\" data-aria-level=\"2\"><span data-contrast=\"auto\">Col\u00adlab\u00ado\u00adra\u00adtion and Coor\u00addi\u00adna\u00adtion: We col\u00adlab\u00ado\u00adrate with var\u00adi\u00adous sup\u00adpli\u00aders and part\u00adners to ensure the high\u00adest qual\u00adi\u00adty and ver\u00adsa\u00adtile solu\u00adtions. Coor\u00addi\u00adnat\u00ading the efforts of dif\u00adfer\u00adent sub\u00adcon\u00adtrac\u00adtors is key to the effec\u00adtive imple\u00admen\u00adta\u00adtion of com\u00adpre\u00adhen\u00adsive sys\u00adtems.<\/span>&nbsp;<\/li>\n<li data-aria-posinset=\"3\" data-aria-level=\"2\"><span data-contrast=\"auto\">Design and Opti\u00admiza\u00adtion: As a gen\u00ader\u00adal con\u00adtrac\u00adtor, we engage in the analy\u00adsis and design of sys\u00adtems that can meet the unique needs of the client. Project goals are defined col\u00adlab\u00ado\u00adra\u00adtive\u00adly, tak\u00ading into account tech\u00adni\u00adcal para\u00adme\u00adters, bud\u00adget, and imple\u00admen\u00adta\u00adtion sched\u00adule.<\/span>&nbsp;<\/li>\n<li data-aria-posinset=\"4\" data-aria-level=\"2\"><span data-contrast=\"auto\">Imple\u00admen\u00adta\u00adtion and Test\u00ading: After the design phase is com\u00adplet\u00aded, we pro\u00adceed with the imple\u00admen\u00adta\u00adtion. We test process\u00ades, and our team of engi\u00adneers ensures that the sys\u00adtems oper\u00adate in accor\u00addance with the clien\u00adt\u2019s expec\u00adta\u00adtions and require\u00adments.<\/span>&nbsp;<\/li>\n<li data-aria-posinset=\"5\" data-aria-level=\"2\"><span data-contrast=\"auto\">Tech\u00adni\u00adcal Sup\u00adport and Ser\u00advice: After suc\u00adcess\u00adful imple\u00admen\u00adta\u00adtion, we pro\u00advide ongo\u00ading tech\u00adni\u00adcal sup\u00adport, as well as war\u00adran\u00adty and post-war\u00adran\u00adty ser\u00advice. This ensures the reli\u00adable oper\u00ada\u00adtion of our sys\u00adtems.<\/span><\/li>\n<\/ol>\n<p><span data-contrast=\"auto\">Part\u00adner\u00ading with us is a solu\u00adtion for clients seek\u00ading com\u00adpre\u00adhen\u00adsive and advanced sup\u00adport with\u00adout the need to man\u00adage mul\u00adti\u00adple sub\u00adcon\u00adtrac\u00adtors. With our spe\u00adcial\u00adized approach, we inte\u00adgrate var\u00adi\u00adous tech\u00adnolo\u00adgies that con\u00adtribute to increased effi\u00adcien\u00adcy, cost reduc\u00adtion, and improved pro\u00adduc\u00adtion qual\u00adi\u00adty.<\/span><\/p>\n<p><\/p>\t\t\t\t\t\t\t\t<\/div>\n\t\t\t\t<\/div>\n\t\t\t\t\t<\/div>\n\t\t<\/div>\n\t\t\t\t<div class=\"elementor-column elementor-col-50 elementor-top-column elementor-element elementor-element-22e96a3 top column-style-top\" data-id=\"22e96a3\" data-element_type=\"column\">\n\t\t\t<div class=\"elementor-widget-wrap elementor-element-populated\">\n\t\t\t\t\t\t<div class=\"elementor-element elementor-element-5049c3b elementor-widget__width-initial elementor-widget elementor-widget-image-gallery\" data-id=\"5049c3b\" data-element_type=\"widget\" data-widget_type=\"image-gallery.default\">\n\t\t\t\t<div class=\"elementor-widget-container\">\n\t\t\t\t\t\t\t<div class=\"elementor-image-gallery\">\n\t\t\t\n\t\t<style type=\"text\/css\">\n\t\t\t#gallery-1 {\n\t\t\t\tmargin: auto;\n\t\t\t}\n\t\t\t#gallery-1 .gallery-item {\n\t\t\t\tfloat: left;\n\t\t\t\tmargin-top: 10px;\n\t\t\t\ttext-align: center;\n\t\t\t\twidth: 100%;\n\t\t\t}\n\t\t\t#gallery-1 img {\n\t\t\t\tborder: 2px solid #cfcfcf;\n\t\t\t}\n\t\t\t#gallery-1 .gallery-caption {\n\t\t\t\tmargin-left: 0;\n\t\t\t}\n\t\t\t\/* see gallery_shortcode() in wp-includes\/media.php *\/\n\t\t<\/style>\n\t\t<div id=\"gallery-1\" class=\"gallery galleryid-12918 gallery-columns-1 gallery-size-medium\"><dl class=\"gallery-item\">\n\t\t\t<dt class=\"gallery-icon landscape\">\n\t\t\t\t<a data-elementor-open-lightbox=\"yes\" data-elementor-lightbox-slideshow=\"5049c3b\" data-elementor-lightbox-title=\"IMG_20220918_111746091\" data-e-action-hash=\"#elementor-action%3Aaction%3Dlightbox%26settings%3DeyJpZCI6MTMwNzMsInVybCI6Imh0dHBzOlwvXC93d3cuZWFwb2wucGxcL3dwLWNvbnRlbnRcL3VwbG9hZHNcLzIwMjNcLzA3XC9JTUdfMjAyMjA5MThfMTExNzQ2MDkxLXNjYWxlZC5qcGciLCJzbGlkZXNob3ciOiI1MDQ5YzNiIn0%3D\" href=\"https:\/\/www.eapol.pl\/wp-content\/uploads\/2023\/07\/IMG_20220918_111746091-scaled.jpg\"><img fetchpriority=\"high\" decoding=\"async\" width=\"600\" height=\"600\" src=\"https:\/\/www.eapol.pl\/wp-content\/uploads\/2023\/07\/IMG_20220918_111746091-600x600.jpg\" class=\"attachment-medium size-medium\" alt srcset=\"https:\/\/www.eapol.pl\/wp-content\/uploads\/2023\/07\/IMG_20220918_111746091-600x600.jpg.webp 600w, https:\/\/www.eapol.pl\/wp-content\/uploads\/2023\/07\/IMG_20220918_111746091-180x180.jpg.webp 180w\" sizes=\"(max-width: 600px) 100vw, 600px\"><\/a>\n\t\t\t<\/dt><\/dl><br style=\"clear: both\">\n\t\t<\/div>\n\t\t<\/div>\n\t\t\t\t\t\t<\/div>\n\t\t\t\t<\/div>\n\t\t\t\t\t<\/div>\n\t\t<\/div>\n\t\t\t\t\t<\/div>\n\t\t<\/section>\n\t\t\t\t<section class=\"elementor-section elementor-top-section elementor-element elementor-element-aa4d20b elementor-section-boxed elementor-section-height-default elementor-section-height-default\" data-id=\"aa4d20b\" data-element_type=\"section\">\n\t\t\t\t\t\t<div class=\"elementor-container elementor-column-gap-default\">\n\t\t\t\t\t<div class=\"elementor-column elementor-col-100 elementor-top-column elementor-element elementor-element-32ced4c top column-style-top\" data-id=\"32ced4c\" data-element_type=\"column\">\n\t\t\t<div class=\"elementor-widget-wrap\">\n\t\t\t\t\t\t\t<\/div>\n\t\t<\/div>\n\t\t\t\t\t<\/div>\n\t\t<\/section>\n\t\t\t\t<section class=\"elementor-section elementor-top-section elementor-element elementor-element-764663e elementor-section-boxed elementor-section-height-default elementor-section-height-default\" data-id=\"764663e\" data-element_type=\"section\">\n\t\t\t\t\t\t<div class=\"elementor-container elementor-column-gap-default\">\n\t\t\t\t\t<div class=\"elementor-column elementor-col-100 elementor-top-column elementor-element elementor-element-0174fe8 top column-style-top\" data-id=\"0174fe8\" data-element_type=\"column\">\n\t\t\t<div class=\"elementor-widget-wrap elementor-element-populated\">\n\t\t\t\t\t\t\t<\/div>\n\t\t<\/div>\n\t\t\t\t\t<\/div>\n\t\t<\/section>\n\t\t\t\t<section class=\"elementor-section elementor-top-section elementor-element elementor-element-038fcd0 elementor-section-boxed elementor-section-height-default elementor-section-height-default\" data-id=\"038fcd0\" data-element_type=\"section\">\n\t\t\t\t\t\t<div class=\"elementor-container elementor-column-gap-default\">\n\t\t\t\t\t<div class=\"elementor-column elementor-col-100 elementor-top-column elementor-element elementor-element-701c36e top column-style-top\" data-id=\"701c36e\" data-element_type=\"column\">\n\t\t\t<div class=\"elementor-widget-wrap\">\n\t\t\t\t\t\t\t<\/div>\n\t\t<\/div>\n\t\t\t\t\t<\/div>\n\t\t<\/section>\n\t\t\t\t<\/div>","protected":false},"excerpt":{"rendered":"<p>Pro\u00adfesjon\u00adal\u00adizm, efek\u00adty\u00adwno\u015b\u0107, innowa\u00adcyjno\u015b\u0107 Gen\u00ader\u00adalne wykon\u00adaw\u00adst\u00adwo w bran\u017cy insta\u00adlacji prze\u00admys\u0142owych okazu\u00adje si\u0119 kluc\u00adzowe do osi\u0105g\u00adni\u0119\u00adcia zaawan\u00adsowanych i kom\u00adplek\u00adsowych rozwi\u0105za\u0144 w r\u00f3\u017cnych sek\u00adtorach prze\u00admys\u0142u. Ofer\u00adu\u00adje\u00admy us\u0142u\u00adgi gen\u00ader\u00adal\u00adnego wykon\u00adaw\u00adst\u00adwa: jako g\u0142\u00f3wny real\u00adiza\u00adtor pro\u00adjek\u00adtu [\u2026]<\/p>","protected":false},"author":1,"featured_media":0,"parent":3124,"menu_order":0,"comment_status":"closed","ping_status":"open","template":"","meta":{"_acf_changed":false,"wp_typography_post_enhancements_disabled":false,"_themeisle_gutenberg_block_has_review":false,"footnotes":""},"class_list":["post-12918","page","type-page","status-publish","hentry"],"acf":[],"yoast_head":"<!-- This site is optimized with the Yoast SEO plugin v26.3 - https:\/\/yoast.com\/wordpress\/plugins\/seo\/ -->\n<title>Generalne wykonawstwo instalacji przemys\u0142owych \u2013 Eapol<\/title>\n<meta name=\"description\" content=\"Eapol oferuje kompleksowe wykonawstwo instalacji przemys\u0142owych \u2013 od projektu po wdro\u017cenie. Efektywno\u015b\u0107, innowacyjno\u015b\u0107 i profesjonalizm.\" \/>\n<meta name=\"robots\" content=\"index, follow, max-snippet:-1, max-image-preview:large, max-video-preview:-1\" \/>\n<link rel=\"canonical\" href=\"https:\/\/www.eapol.pl\/en\/uslugi\/generalne-wykonawstwo\/\" \/>\n<meta property=\"og:locale\" content=\"en_GB\" \/>\n<meta property=\"og:type\" content=\"article\" \/>\n<meta property=\"og:title\" content=\"Generalne wykonawstwo instalacji przemys\u0142owych \u2013 Eapol\" \/>\n<meta property=\"og:description\" content=\"Eapol oferuje kompleksowe wykonawstwo instalacji przemys\u0142owych \u2013 od projektu po wdro\u017cenie. Efektywno\u015b\u0107, innowacyjno\u015b\u0107 i profesjonalizm.\" \/>\n<meta property=\"og:url\" content=\"https:\/\/www.eapol.pl\/en\/uslugi\/generalne-wykonawstwo\/\" \/>\n<meta property=\"og:site_name\" content=\"EAPOL\" \/>\n<meta property=\"article:modified_time\" content=\"2025-01-09T17:08:45+00:00\" \/>\n<meta property=\"og:image\" content=\"https:\/\/www.eapol.pl\/wp-content\/uploads\/2023\/07\/IMG_20220918_111746091-600x600.jpg\" \/>\n<meta name=\"twitter:card\" content=\"summary_large_image\" \/>\n<meta name=\"twitter:label1\" content=\"Estimated reading time\" \/>\n\t<meta name=\"twitter:data1\" content=\"2 minutes\" \/>\n<script type=\"application\/ld+json\" class=\"yoast-schema-graph\">{\"@context\":\"https:\/\/schema.org\",\"@graph\":[{\"@type\":\"WebPage\",\"@id\":\"https:\/\/www.eapol.pl\/uslugi\/generalne-wykonawstwo\/\",\"url\":\"https:\/\/www.eapol.pl\/uslugi\/generalne-wykonawstwo\/\",\"name\":\"Generalne wykonawstwo instalacji przemys\u0142owych \u2013 Eapol\",\"isPartOf\":{\"@id\":\"https:\/\/www.eapol.pl\/#website\"},\"primaryImageOfPage\":{\"@id\":\"https:\/\/www.eapol.pl\/uslugi\/generalne-wykonawstwo\/#primaryimage\"},\"image\":{\"@id\":\"https:\/\/www.eapol.pl\/uslugi\/generalne-wykonawstwo\/#primaryimage\"},\"thumbnailUrl\":\"https:\/\/www.eapol.pl\/wp-content\/uploads\/2023\/07\/IMG_20220918_111746091-600x600.jpg\",\"datePublished\":\"2015-12-10T13:26:53+00:00\",\"dateModified\":\"2025-01-09T17:08:45+00:00\",\"description\":\"Eapol oferuje kompleksowe wykonawstwo instalacji przemys\u0142owych \u2013 od projektu po wdro\u017cenie. Efektywno\u015b\u0107, innowacyjno\u015b\u0107 i profesjonalizm.\",\"breadcrumb\":{\"@id\":\"https:\/\/www.eapol.pl\/uslugi\/generalne-wykonawstwo\/#breadcrumb\"},\"inLanguage\":\"en-GB\",\"potentialAction\":[{\"@type\":\"ReadAction\",\"target\":[\"https:\/\/www.eapol.pl\/uslugi\/generalne-wykonawstwo\/\"]}]},{\"@type\":\"ImageObject\",\"inLanguage\":\"en-GB\",\"@id\":\"https:\/\/www.eapol.pl\/uslugi\/generalne-wykonawstwo\/#primaryimage\",\"url\":\"https:\/\/www.eapol.pl\/wp-content\/uploads\/2023\/07\/IMG_20220918_111746091-600x600.jpg\",\"contentUrl\":\"https:\/\/www.eapol.pl\/wp-content\/uploads\/2023\/07\/IMG_20220918_111746091-600x600.jpg\"},{\"@type\":\"BreadcrumbList\",\"@id\":\"https:\/\/www.eapol.pl\/uslugi\/generalne-wykonawstwo\/#breadcrumb\",\"itemListElement\":[{\"@type\":\"ListItem\",\"position\":1,\"name\":\"Strona g\u0142\u00f3wna\",\"item\":\"https:\/\/www.eapol.pl\/\"},{\"@type\":\"ListItem\",\"position\":2,\"name\":\"Us\u0142ugi\",\"item\":\"https:\/\/www.eapol.pl\/uslugi\/\"},{\"@type\":\"ListItem\",\"position\":3,\"name\":\"Generalne wykonawstwo instalacji przemys\u0142owych\"}]},{\"@type\":\"WebSite\",\"@id\":\"https:\/\/www.eapol.pl\/#website\",\"url\":\"https:\/\/www.eapol.pl\/\",\"name\":\"EAPOL\",\"description\":\"\",\"publisher\":{\"@id\":\"https:\/\/www.eapol.pl\/#organization\"},\"potentialAction\":[{\"@type\":\"SearchAction\",\"target\":{\"@type\":\"EntryPoint\",\"urlTemplate\":\"https:\/\/www.eapol.pl\/?s={search_term_string}\"},\"query-input\":{\"@type\":\"PropertyValueSpecification\",\"valueRequired\":true,\"valueName\":\"search_term_string\"}}],\"inLanguage\":\"en-GB\"},{\"@type\":\"Organization\",\"@id\":\"https:\/\/www.eapol.pl\/#organization\",\"name\":\"EAPOL\",\"url\":\"https:\/\/www.eapol.pl\/\",\"logo\":{\"@type\":\"ImageObject\",\"inLanguage\":\"en-GB\",\"@id\":\"https:\/\/www.eapol.pl\/#\/schema\/logo\/image\/\",\"url\":\"https:\/\/www.eapol.pl\/wp-content\/uploads\/2019\/05\/logo2-1.png\",\"contentUrl\":\"https:\/\/www.eapol.pl\/wp-content\/uploads\/2019\/05\/logo2-1.png\",\"width\":411,\"height\":207,\"caption\":\"EAPOL\"},\"image\":{\"@id\":\"https:\/\/www.eapol.pl\/#\/schema\/logo\/image\/\"}}]}<\/script>\n<!-- \/ Yoast SEO plugin. -->","yoast_head_json":{"title":"Gen\u00ader\u00adalne wykon\u00adaw\u00adst\u00adwo insta\u00adlacji prze\u00admys\u0142owych \u2013 Eapol","description":"Eapol ofer\u00adu\u00adje kom\u00adplek\u00adsowe wykon\u00adaw\u00adst\u00adwo insta\u00adlacji prze\u00admys\u0142owych \u2013 od pro\u00adjek\u00adtu po wdro\u017ce\u00adnie. Efek\u00adty\u00adwno\u015b\u0107, innowa\u00adcyjno\u015b\u0107 i pro\u00adfesjon\u00adal\u00adizm.","robots":{"index":"index","follow":"follow","max-snippet":"max-snippet:-1","max-image-preview":"max-image-preview:large","max-video-preview":"max-video-preview:-1"},"canonical":"https:\/\/www.eapol.pl\/en\/uslugi\/generalne-wykonawstwo\/","og_locale":"en_GB","og_type":"article","og_title":"Generalne wykonawstwo instalacji przemys\u0142owych \u2013 Eapol","og_description":"Eapol oferuje kompleksowe wykonawstwo instalacji przemys\u0142owych \u2013 od projektu po wdro\u017cenie. Efektywno\u015b\u0107, innowacyjno\u015b\u0107 i profesjonalizm.","og_url":"https:\/\/www.eapol.pl\/en\/uslugi\/generalne-wykonawstwo\/","og_site_name":"EAPOL","article_modified_time":"2025-01-09T17:08:45+00:00","og_image":[{"url":"https:\/\/www.eapol.pl\/wp-content\/uploads\/2023\/07\/IMG_20220918_111746091-600x600.jpg","type":"","width":"","height":""}],"twitter_card":"summary_large_image","twitter_misc":{"Estimated reading time":"2 minutes"},"schema":{"@context":"https:\/\/schema.org","@graph":[{"@type":"WebPage","@id":"https:\/\/www.eapol.pl\/uslugi\/generalne-wykonawstwo\/","url":"https:\/\/www.eapol.pl\/uslugi\/generalne-wykonawstwo\/","name":"Gen\u00ader\u00adalne wykon\u00adaw\u00adst\u00adwo insta\u00adlacji prze\u00admys\u0142owych \u2013 Eapol","isPartOf":{"@id":"https:\/\/www.eapol.pl\/#website"},"primaryImageOfPage":{"@id":"https:\/\/www.eapol.pl\/uslugi\/generalne-wykonawstwo\/#primaryimage"},"image":{"@id":"https:\/\/www.eapol.pl\/uslugi\/generalne-wykonawstwo\/#primaryimage"},"thumbnailUrl":"https:\/\/www.eapol.pl\/wp-content\/uploads\/2023\/07\/IMG_20220918_111746091-600x600.jpg","datePublished":"2015-12-10T13:26:53+00:00","dateModified":"2025-01-09T17:08:45+00:00","description":"Eapol ofer\u00adu\u00adje kom\u00adplek\u00adsowe wykon\u00adaw\u00adst\u00adwo insta\u00adlacji prze\u00admys\u0142owych \u2013 od pro\u00adjek\u00adtu po wdro\u017ce\u00adnie. Efek\u00adty\u00adwno\u015b\u0107, innowa\u00adcyjno\u015b\u0107 i pro\u00adfesjon\u00adal\u00adizm.","breadcrumb":{"@id":"https:\/\/www.eapol.pl\/uslugi\/generalne-wykonawstwo\/#breadcrumb"},"inLanguage":"en-GB","potentialAction":[{"@type":"ReadAction","target":["https:\/\/www.eapol.pl\/uslugi\/generalne-wykonawstwo\/"]}]},{"@type":"ImageObject","inLanguage":"en-GB","@id":"https:\/\/www.eapol.pl\/uslugi\/generalne-wykonawstwo\/#primaryimage","url":"https:\/\/www.eapol.pl\/wp-content\/uploads\/2023\/07\/IMG_20220918_111746091-600x600.jpg","contentUrl":"https:\/\/www.eapol.pl\/wp-content\/uploads\/2023\/07\/IMG_20220918_111746091-600x600.jpg"},{"@type":"BreadcrumbList","@id":"https:\/\/www.eapol.pl\/uslugi\/generalne-wykonawstwo\/#breadcrumb","itemListElement":[{"@type":"ListItem","position":1,"name":"Strona g\u0142\u00f3wna","item":"https:\/\/www.eapol.pl\/"},{"@type":"ListItem","position":2,"name":"Us\u0142ugi","item":"https:\/\/www.eapol.pl\/uslugi\/"},{"@type":"ListItem","position":3,"name":"Generalne wykonawstwo instalacji przemys\u0142owych"}]},{"@type":"WebSite","@id":"https:\/\/www.eapol.pl\/#website","url":"https:\/\/www.eapol.pl\/","name":"EAPOL","description":"","publisher":{"@id":"https:\/\/www.eapol.pl\/#organization"},"potentialAction":[{"@type":"SearchAction","target":{"@type":"EntryPoint","urlTemplate":"https:\/\/www.eapol.pl\/?s={search_term_string}"},"query-input":{"@type":"PropertyValueSpecification","valueRequired":true,"valueName":"search_term_string"}}],"inLanguage":"en-GB"},{"@type":"Organization","@id":"https:\/\/www.eapol.pl\/#organization","name":"EAPOL","url":"https:\/\/www.eapol.pl\/","logo":{"@type":"ImageObject","inLanguage":"en-GB","@id":"https:\/\/www.eapol.pl\/#\/schema\/logo\/image\/","url":"https:\/\/www.eapol.pl\/wp-content\/uploads\/2019\/05\/logo2-1.png","contentUrl":"https:\/\/www.eapol.pl\/wp-content\/uploads\/2019\/05\/logo2-1.png","width":411,"height":207,"caption":"EAPOL"},"image":{"@id":"https:\/\/www.eapol.pl\/#\/schema\/logo\/image\/"}}]}},"_links":{"self":[{"href":"https:\/\/www.eapol.pl\/en\/wp-json\/wp\/v2\/pages\/12918","targetHints":{"allow":["GET"]}}],"collection":[{"href":"https:\/\/www.eapol.pl\/en\/wp-json\/wp\/v2\/pages"}],"about":[{"href":"https:\/\/www.eapol.pl\/en\/wp-json\/wp\/v2\/types\/page"}],"author":[{"embeddable":true,"href":"https:\/\/www.eapol.pl\/en\/wp-json\/wp\/v2\/users\/1"}],"replies":[{"embeddable":true,"href":"https:\/\/www.eapol.pl\/en\/wp-json\/wp\/v2\/comments?post=12918"}],"version-history":[{"count":1,"href":"https:\/\/www.eapol.pl\/en\/wp-json\/wp\/v2\/pages\/12918\/revisions"}],"predecessor-version":[{"id":16161,"href":"https:\/\/www.eapol.pl\/en\/wp-json\/wp\/v2\/pages\/12918\/revisions\/16161"}],"up":[{"embeddable":true,"href":"https:\/\/www.eapol.pl\/en\/wp-json\/wp\/v2\/pages\/3124"}],"wp:attachment":[{"href":"https:\/\/www.eapol.pl\/en\/wp-json\/wp\/v2\/media?parent=12918"}],"curies":[{"name":"wp","href":"https:\/\/api.w.org\/{rel}","templated":true}]}}