{"id":13406,"date":"2023-08-04T12:04:55","date_gmt":"2023-08-04T10:04:55","guid":{"rendered":"https:\/\/www.eapol.pl\/?page_id=13406"},"modified":"2025-01-09T18:18:14","modified_gmt":"2025-01-09T17:18:14","slug":"wynajem-sezonowy-i-dlugoterminowy","status":"publish","type":"page","link":"https:\/\/www.eapol.pl\/en\/uslugi\/wynajem-sezonowy-i-dlugoterminowy\/","title":{"rendered":"Long-term rental of indus\u00adtri\u00adal equip\u00adment"},"content":{"rendered":"<div data-elementor-type=\"wp-page\" data-elementor-id=\"13406\" class=\"elementor elementor-13406\">\n\t\t\t\t\t\t<section class=\"elementor-section elementor-top-section elementor-element elementor-element-0a7a416 elementor-section-boxed elementor-section-height-default elementor-section-height-default\" data-id=\"0a7a416\" data-element_type=\"section\">\n\t\t\t\t\t\t<div class=\"elementor-container elementor-column-gap-default\">\n\t\t\t\t\t<div class=\"elementor-column elementor-col-100 elementor-top-column elementor-element elementor-element-8f2bfa0 top column-style-top\" data-id=\"8f2bfa0\" data-element_type=\"column\">\n\t\t\t<div class=\"elementor-widget-wrap elementor-element-populated\">\n\t\t\t\t\t\t<div class=\"elementor-element elementor-element-b4ca5b7 elementor-widget elementor-widget-heading\" data-id=\"b4ca5b7\" data-element_type=\"widget\" data-widget_type=\"heading.default\">\n\t\t\t\t<div class=\"elementor-widget-container\">\n\t\t\t\t\t<h2 class=\"elementor-heading-title elementor-size-default\">Equipment Rental <\/h2>\t\t\t\t<\/div>\n\t\t\t\t<\/div>\n\t\t\t\t\t<\/div>\n\t\t<\/div>\n\t\t\t\t\t<\/div>\n\t\t<\/section>\n\t\t\t\t<section class=\"elementor-section elementor-top-section elementor-element elementor-element-3131fbf elementor-section-boxed elementor-section-height-default elementor-section-height-default\" data-id=\"3131fbf\" data-element_type=\"section\">\n\t\t\t\t\t\t<div class=\"elementor-container elementor-column-gap-default\">\n\t\t\t\t\t<div class=\"elementor-column elementor-col-50 elementor-top-column elementor-element elementor-element-bd0f812 top column-style-top\" data-id=\"bd0f812\" data-element_type=\"column\">\n\t\t\t<div class=\"elementor-widget-wrap elementor-element-populated\">\n\t\t\t\t\t\t<div class=\"elementor-element elementor-element-c170141 elementor-widget elementor-widget-text-editor\" data-id=\"c170141\" data-element_type=\"widget\" data-widget_type=\"text-editor.default\">\n\t\t\t\t<div class=\"elementor-widget-container\">\n\t\t\t\t\t\t\t\t\t<p>Buy\u00ading mod\u00adern indus\u00adtri\u00adal automa\u00adtion equip\u00adment often comes with high costs. That\u2019s why our com\u00adpa\u00adny spe\u00adcial\u00adizes in equip\u00adment rental, allow\u00ading cus\u00adtomers to achieve opti\u00admal oper\u00ada\u00adtional results with\u00adout bur\u00adden\u00ading their bud\u00adget unnec\u00ades\u00adsar\u00adi\u00adly.<\/p><p>We offer var\u00adi\u00adous rental mod\u00adels \u2013 both for sea\u00adson\u00adal projects and long-term invest\u00adments.<\/p><p><strong>Diverse Solu\u00adtions <\/strong><\/p><p>In our com\u00adpa\u00adny\u2019s port\u00adfo\u00adlio, you can find a wide range of advanced indus\u00adtri\u00adal automa\u00adtion equip\u00adment from rep\u00adutable man\u00adu\u00adfac\u00adtur\u00aders. Tech\u00adni\u00adcal sup\u00adport and advi\u00adso\u00adry ser\u00advices will help you select solu\u00adtions that meet your spe\u00adcif\u00adic needs.<\/p><p>Advanced con\u00adtrol and mea\u00adsure\u00adment sys\u00adtems, pro\u00adduc\u00adtion con\u00adtrol automa\u00adtion, and spe\u00adcial\u00adized indus\u00adtri\u00adal robots are part of our offer\u00ading, which includes mod\u00adern devices designed for use in var\u00adi\u00adous sec\u00adtors, from man\u00adu\u00adfac\u00adtur\u00ading and logis\u00adtics to health\u00adcare and avi\u00ada\u00adtion.<\/p><p><strong>The Advan\u00adtages of Rent\u00ading Com\u00adpared to Buy\u00ading<\/strong><\/p><p>Rent\u00ading indus\u00adtri\u00adal automa\u00adtion equip\u00adment offers numer\u00adous ben\u00ade\u00adfits. First\u00adly, it helps avoid high ini\u00adtial invest\u00adment costs. Our com\u00adpet\u00adi\u00adtive rental prices enable effi\u00adcient resource man\u00adage\u00adment, allow\u00ading you to focus on the essen\u00adtial aspects of busi\u00adness devel\u00adop\u00adment.<\/p><p>Sea\u00adson\u00adal or long-term rental enables the exe\u00adcu\u00adtion of planned projects and allows for adjust\u00adments in response to chang\u00ading mar\u00adket con\u00addi\u00adtions. The rent\u00aded equip\u00adment can sim\u00adply be returned with\u00adout the need to find a buy\u00ader in the sec\u00adondary mar\u00adket.<\/p><p><strong>Pro\u00adfes\u00adsion\u00adal Sup\u00adport and Main\u00adte\u00adnance<\/strong><\/p><p>We pro\u00advide the high\u00adest qual\u00adi\u00adty of cus\u00adtomer ser\u00advice. Our tech\u00adni\u00adcal team assists in select\u00ading the right equip\u00adment and ensures their reli\u00ada\u00adbil\u00adi\u00adty. We reg\u00adu\u00adlar\u00adly ser\u00advice and inspect our devices to guar\u00adan\u00adtee their depend\u00adable oper\u00ada\u00adtion through\u00adout the rental peri\u00adod.<\/p><p><strong>Assis\u00adtance in Achiev\u00ading Suc\u00adcess<\/strong><\/p><p>We help com\u00adpa\u00adnies enhance their pro\u00adduc\u00adtion capa\u00adbil\u00adi\u00adties and improve the qual\u00adi\u00adty of prod\u00aducts and ser\u00advices. We offer sup\u00adport at every stage by deliv\u00ader\u00ading inno\u00adv\u00ada\u00adtive solu\u00adtions that enable suc\u00adcess in busi\u00adness.<\/p><p><strong>Become a part\u00adner with us<\/strong><\/p><p><strong><span style=\"font-weight: normal;\">Indus\u00adtri\u00adal automa\u00adtion and cost opti\u00admiza\u00adtion are our spe\u00adcial\u00adties. Pur\u00adchas\u00ading mod\u00adern equip\u00adment isn\u2019t always the per\u00adfect solu\u00adtion, which is why our experts will present an offer tai\u00adlored to the indi\u00advid\u00adual capa\u00adbil\u00adi\u00adties and needs of each cus\u00adtomer.<\/span><\/strong><\/p><p><b>&nbsp;<\/b><\/p>\t\t\t\t\t\t\t\t<\/div>\n\t\t\t\t<\/div>\n\t\t\t\t\t<\/div>\n\t\t<\/div>\n\t\t\t\t<div class=\"elementor-column elementor-col-50 elementor-top-column elementor-element elementor-element-659211c top column-style-top\" data-id=\"659211c\" data-element_type=\"column\">\n\t\t\t<div class=\"elementor-widget-wrap elementor-element-populated\">\n\t\t\t\t\t\t<div class=\"elementor-element elementor-element-1f8113c elementor-widget elementor-widget-image-gallery\" data-id=\"1f8113c\" data-element_type=\"widget\" data-widget_type=\"image-gallery.default\">\n\t\t\t\t<div class=\"elementor-widget-container\">\n\t\t\t\t\t\t\t<div class=\"elementor-image-gallery\">\n\t\t\t\n\t\t<style type=\"text\/css\">\n\t\t\t#gallery-1 {\n\t\t\t\tmargin: auto;\n\t\t\t}\n\t\t\t#gallery-1 .gallery-item {\n\t\t\t\tfloat: left;\n\t\t\t\tmargin-top: 10px;\n\t\t\t\ttext-align: center;\n\t\t\t\twidth: 100%;\n\t\t\t}\n\t\t\t#gallery-1 img {\n\t\t\t\tborder: 2px solid #cfcfcf;\n\t\t\t}\n\t\t\t#gallery-1 .gallery-caption {\n\t\t\t\tmargin-left: 0;\n\t\t\t}\n\t\t\t\/* see gallery_shortcode() in wp-includes\/media.php *\/\n\t\t<\/style>\n\t\t<div id=\"gallery-1\" class=\"gallery galleryid-13406 gallery-columns-1 gallery-size-medium\"><dl class=\"gallery-item\">\n\t\t\t<dt class=\"gallery-icon landscape\">\n\t\t\t\t<a data-elementor-open-lightbox=\"yes\" data-elementor-lightbox-slideshow=\"1f8113c\" data-elementor-lightbox-title=\"IMG_20230211_115018193\" data-e-action-hash=\"#elementor-action%3Aaction%3Dlightbox%26settings%3DeyJpZCI6MTM0MTUsInVybCI6Imh0dHBzOlwvXC93d3cuZWFwb2wucGxcL3dwLWNvbnRlbnRcL3VwbG9hZHNcLzIwMjNcLzA4XC9JTUdfMjAyMzAyMTFfMTE1MDE4MTkzLXNjYWxlZC5qcGciLCJzbGlkZXNob3ciOiIxZjgxMTNjIn0%3D\" href=\"https:\/\/www.eapol.pl\/wp-content\/uploads\/2023\/08\/IMG_20230211_115018193-scaled.jpg\"><img fetchpriority=\"high\" decoding=\"async\" width=\"600\" height=\"600\" src=\"https:\/\/www.eapol.pl\/wp-content\/uploads\/2023\/08\/IMG_20230211_115018193-600x600.jpg\" class=\"attachment-medium size-medium\" alt=\"regulator mocy grza\u0142ek | EAPOL\" srcset=\"https:\/\/www.eapol.pl\/wp-content\/uploads\/2023\/08\/IMG_20230211_115018193-600x600.jpg 600w, https:\/\/www.eapol.pl\/wp-content\/uploads\/2023\/08\/IMG_20230211_115018193-180x180.jpg 180w\" sizes=\"(max-width: 600px) 100vw, 600px\"><\/a>\n\t\t\t<\/dt><\/dl><br style=\"clear: both\">\n\t\t<\/div>\n\t\t<\/div>\n\t\t\t\t\t\t<\/div>\n\t\t\t\t<\/div>\n\t\t\t\t\t<\/div>\n\t\t<\/div>\n\t\t\t\t\t<\/div>\n\t\t<\/section>\n\t\t\t\t<\/div>","protected":false},"excerpt":{"rendered":"<p>Wyna\u00adjem urz\u0105dze\u0144 Zakup nowoczes\u00adnych urz\u0105dze\u0144 automaty\u00adki prze\u00admys\u0142owej cz\u0119s\u00adto wi\u0105\u017ce si\u0119 z wysoki\u00admi kosz\u00adta\u00admi, dlat\u00adego nasza fir\u00adma spec\u00adjal\u00adizu\u00adje si\u0119 w wyna\u00adjmie maszyn, dzi\u0119\u00adki kt\u00f3rym klien\u00adci mog\u0105 osi\u0105\u00adga\u0107 opty\u00admalne wyni\u00adki oper\u00ada\u00adcyjne bez [\u2026]<\/p>","protected":false},"author":1,"featured_media":0,"parent":3124,"menu_order":0,"comment_status":"closed","ping_status":"closed","template":"","meta":{"_acf_changed":false,"wp_typography_post_enhancements_disabled":false,"_themeisle_gutenberg_block_has_review":false,"footnotes":""},"class_list":["post-13406","page","type-page","status-publish","hentry"],"acf":[],"yoast_head":"<!-- This site is optimized with the Yoast SEO plugin v26.3 - https:\/\/yoast.com\/wordpress\/plugins\/seo\/ -->\n<title>Wynajem urz\u0105dze\u0144 przemys\u0142owych \u2013 sezonowy i d\u0142ugoterminowy<\/title>\n<meta name=\"description\" content=\"Eapol oferuje wynajem urz\u0105dze\u0144 automatyki przemys\u0142owej. Elastyczne modele wynajmu: sezonowy i d\u0142ugoterminowy. Optymalizuj koszty bez obci\u0105\u017cania bud\u017cetu!\" \/>\n<meta name=\"robots\" content=\"index, follow, max-snippet:-1, max-image-preview:large, max-video-preview:-1\" \/>\n<link rel=\"canonical\" href=\"https:\/\/www.eapol.pl\/en\/uslugi\/wynajem-sezonowy-i-dlugoterminowy\/\" \/>\n<meta property=\"og:locale\" content=\"en_GB\" \/>\n<meta property=\"og:type\" content=\"article\" \/>\n<meta property=\"og:title\" content=\"Wynajem urz\u0105dze\u0144 przemys\u0142owych \u2013 sezonowy i d\u0142ugoterminowy\" \/>\n<meta property=\"og:description\" content=\"Eapol oferuje wynajem urz\u0105dze\u0144 automatyki przemys\u0142owej. Elastyczne modele wynajmu: sezonowy i d\u0142ugoterminowy. Optymalizuj koszty bez obci\u0105\u017cania bud\u017cetu!\" \/>\n<meta property=\"og:url\" content=\"https:\/\/www.eapol.pl\/en\/uslugi\/wynajem-sezonowy-i-dlugoterminowy\/\" \/>\n<meta property=\"og:site_name\" content=\"EAPOL\" \/>\n<meta property=\"article:modified_time\" content=\"2025-01-09T17:18:14+00:00\" \/>\n<meta property=\"og:image\" content=\"https:\/\/www.eapol.pl\/wp-content\/uploads\/2023\/08\/IMG_20230211_115018193-600x600.jpg\" \/>\n<meta name=\"twitter:card\" content=\"summary_large_image\" \/>\n<meta name=\"twitter:label1\" content=\"Estimated reading time\" \/>\n\t<meta name=\"twitter:data1\" content=\"2 minutes\" \/>\n<script type=\"application\/ld+json\" class=\"yoast-schema-graph\">{\"@context\":\"https:\/\/schema.org\",\"@graph\":[{\"@type\":\"WebPage\",\"@id\":\"https:\/\/www.eapol.pl\/uslugi\/wynajem-sezonowy-i-dlugoterminowy\/\",\"url\":\"https:\/\/www.eapol.pl\/uslugi\/wynajem-sezonowy-i-dlugoterminowy\/\",\"name\":\"Wynajem urz\u0105dze\u0144 przemys\u0142owych \u2013 sezonowy i d\u0142ugoterminowy\",\"isPartOf\":{\"@id\":\"https:\/\/www.eapol.pl\/#website\"},\"primaryImageOfPage\":{\"@id\":\"https:\/\/www.eapol.pl\/uslugi\/wynajem-sezonowy-i-dlugoterminowy\/#primaryimage\"},\"image\":{\"@id\":\"https:\/\/www.eapol.pl\/uslugi\/wynajem-sezonowy-i-dlugoterminowy\/#primaryimage\"},\"thumbnailUrl\":\"https:\/\/www.eapol.pl\/wp-content\/uploads\/2023\/08\/IMG_20230211_115018193-600x600.jpg\",\"datePublished\":\"2023-08-04T10:04:55+00:00\",\"dateModified\":\"2025-01-09T17:18:14+00:00\",\"description\":\"Eapol oferuje wynajem urz\u0105dze\u0144 automatyki przemys\u0142owej. Elastyczne modele wynajmu: sezonowy i d\u0142ugoterminowy. Optymalizuj koszty bez obci\u0105\u017cania bud\u017cetu!\",\"breadcrumb\":{\"@id\":\"https:\/\/www.eapol.pl\/uslugi\/wynajem-sezonowy-i-dlugoterminowy\/#breadcrumb\"},\"inLanguage\":\"en-GB\",\"potentialAction\":[{\"@type\":\"ReadAction\",\"target\":[\"https:\/\/www.eapol.pl\/uslugi\/wynajem-sezonowy-i-dlugoterminowy\/\"]}]},{\"@type\":\"ImageObject\",\"inLanguage\":\"en-GB\",\"@id\":\"https:\/\/www.eapol.pl\/uslugi\/wynajem-sezonowy-i-dlugoterminowy\/#primaryimage\",\"url\":\"https:\/\/www.eapol.pl\/wp-content\/uploads\/2023\/08\/IMG_20230211_115018193-600x600.jpg\",\"contentUrl\":\"https:\/\/www.eapol.pl\/wp-content\/uploads\/2023\/08\/IMG_20230211_115018193-600x600.jpg\"},{\"@type\":\"BreadcrumbList\",\"@id\":\"https:\/\/www.eapol.pl\/uslugi\/wynajem-sezonowy-i-dlugoterminowy\/#breadcrumb\",\"itemListElement\":[{\"@type\":\"ListItem\",\"position\":1,\"name\":\"Strona g\u0142\u00f3wna\",\"item\":\"https:\/\/www.eapol.pl\/\"},{\"@type\":\"ListItem\",\"position\":2,\"name\":\"Us\u0142ugi\",\"item\":\"https:\/\/www.eapol.pl\/uslugi\/\"},{\"@type\":\"ListItem\",\"position\":3,\"name\":\"Wynajem d\u0142ugoterminowy urz\u0105dze\u0144 przemys\u0142owych\"}]},{\"@type\":\"WebSite\",\"@id\":\"https:\/\/www.eapol.pl\/#website\",\"url\":\"https:\/\/www.eapol.pl\/\",\"name\":\"EAPOL\",\"description\":\"\",\"publisher\":{\"@id\":\"https:\/\/www.eapol.pl\/#organization\"},\"potentialAction\":[{\"@type\":\"SearchAction\",\"target\":{\"@type\":\"EntryPoint\",\"urlTemplate\":\"https:\/\/www.eapol.pl\/?s={search_term_string}\"},\"query-input\":{\"@type\":\"PropertyValueSpecification\",\"valueRequired\":true,\"valueName\":\"search_term_string\"}}],\"inLanguage\":\"en-GB\"},{\"@type\":\"Organization\",\"@id\":\"https:\/\/www.eapol.pl\/#organization\",\"name\":\"EAPOL\",\"url\":\"https:\/\/www.eapol.pl\/\",\"logo\":{\"@type\":\"ImageObject\",\"inLanguage\":\"en-GB\",\"@id\":\"https:\/\/www.eapol.pl\/#\/schema\/logo\/image\/\",\"url\":\"https:\/\/www.eapol.pl\/wp-content\/uploads\/2019\/05\/logo2-1.png\",\"contentUrl\":\"https:\/\/www.eapol.pl\/wp-content\/uploads\/2019\/05\/logo2-1.png\",\"width\":411,\"height\":207,\"caption\":\"EAPOL\"},\"image\":{\"@id\":\"https:\/\/www.eapol.pl\/#\/schema\/logo\/image\/\"}}]}<\/script>\n<!-- \/ Yoast SEO plugin. -->","yoast_head_json":{"title":"Wyna\u00adjem urz\u0105dze\u0144 prze\u00admys\u0142owych \u2013 sezonowy i d\u0142u\u00adgoter\u00admi\u00adnowy","description":"Eapol ofer\u00adu\u00adje wyna\u00adjem urz\u0105dze\u0144 automaty\u00adki prze\u00admys\u0142owej. Elasty\u00adczne mod\u00adele wyna\u00adj\u00admu: sezonowy i d\u0142u\u00adgoter\u00admi\u00adnowy. Opty\u00admal\u00adizuj kosz\u00adty bez obci\u0105\u017ca\u00adnia bud\u017ce\u00adtu!","robots":{"index":"index","follow":"follow","max-snippet":"max-snippet:-1","max-image-preview":"max-image-preview:large","max-video-preview":"max-video-preview:-1"},"canonical":"https:\/\/www.eapol.pl\/en\/uslugi\/wynajem-sezonowy-i-dlugoterminowy\/","og_locale":"en_GB","og_type":"article","og_title":"Wynajem urz\u0105dze\u0144 przemys\u0142owych \u2013 sezonowy i d\u0142ugoterminowy","og_description":"Eapol oferuje wynajem urz\u0105dze\u0144 automatyki przemys\u0142owej. Elastyczne modele wynajmu: sezonowy i d\u0142ugoterminowy. Optymalizuj koszty bez obci\u0105\u017cania bud\u017cetu!","og_url":"https:\/\/www.eapol.pl\/en\/uslugi\/wynajem-sezonowy-i-dlugoterminowy\/","og_site_name":"EAPOL","article_modified_time":"2025-01-09T17:18:14+00:00","og_image":[{"url":"https:\/\/www.eapol.pl\/wp-content\/uploads\/2023\/08\/IMG_20230211_115018193-600x600.jpg","type":"","width":"","height":""}],"twitter_card":"summary_large_image","twitter_misc":{"Estimated reading time":"2 minutes"},"schema":{"@context":"https:\/\/schema.org","@graph":[{"@type":"WebPage","@id":"https:\/\/www.eapol.pl\/uslugi\/wynajem-sezonowy-i-dlugoterminowy\/","url":"https:\/\/www.eapol.pl\/uslugi\/wynajem-sezonowy-i-dlugoterminowy\/","name":"Wyna\u00adjem urz\u0105dze\u0144 prze\u00admys\u0142owych \u2013 sezonowy i d\u0142u\u00adgoter\u00admi\u00adnowy","isPartOf":{"@id":"https:\/\/www.eapol.pl\/#website"},"primaryImageOfPage":{"@id":"https:\/\/www.eapol.pl\/uslugi\/wynajem-sezonowy-i-dlugoterminowy\/#primaryimage"},"image":{"@id":"https:\/\/www.eapol.pl\/uslugi\/wynajem-sezonowy-i-dlugoterminowy\/#primaryimage"},"thumbnailUrl":"https:\/\/www.eapol.pl\/wp-content\/uploads\/2023\/08\/IMG_20230211_115018193-600x600.jpg","datePublished":"2023-08-04T10:04:55+00:00","dateModified":"2025-01-09T17:18:14+00:00","description":"Eapol ofer\u00adu\u00adje wyna\u00adjem urz\u0105dze\u0144 automaty\u00adki prze\u00admys\u0142owej. Elasty\u00adczne mod\u00adele wyna\u00adj\u00admu: sezonowy i d\u0142u\u00adgoter\u00admi\u00adnowy. Opty\u00admal\u00adizuj kosz\u00adty bez obci\u0105\u017ca\u00adnia bud\u017ce\u00adtu!","breadcrumb":{"@id":"https:\/\/www.eapol.pl\/uslugi\/wynajem-sezonowy-i-dlugoterminowy\/#breadcrumb"},"inLanguage":"en-GB","potentialAction":[{"@type":"ReadAction","target":["https:\/\/www.eapol.pl\/uslugi\/wynajem-sezonowy-i-dlugoterminowy\/"]}]},{"@type":"ImageObject","inLanguage":"en-GB","@id":"https:\/\/www.eapol.pl\/uslugi\/wynajem-sezonowy-i-dlugoterminowy\/#primaryimage","url":"https:\/\/www.eapol.pl\/wp-content\/uploads\/2023\/08\/IMG_20230211_115018193-600x600.jpg","contentUrl":"https:\/\/www.eapol.pl\/wp-content\/uploads\/2023\/08\/IMG_20230211_115018193-600x600.jpg"},{"@type":"BreadcrumbList","@id":"https:\/\/www.eapol.pl\/uslugi\/wynajem-sezonowy-i-dlugoterminowy\/#breadcrumb","itemListElement":[{"@type":"ListItem","position":1,"name":"Strona g\u0142\u00f3wna","item":"https:\/\/www.eapol.pl\/"},{"@type":"ListItem","position":2,"name":"Us\u0142ugi","item":"https:\/\/www.eapol.pl\/uslugi\/"},{"@type":"ListItem","position":3,"name":"Wynajem d\u0142ugoterminowy urz\u0105dze\u0144 przemys\u0142owych"}]},{"@type":"WebSite","@id":"https:\/\/www.eapol.pl\/#website","url":"https:\/\/www.eapol.pl\/","name":"EAPOL","description":"","publisher":{"@id":"https:\/\/www.eapol.pl\/#organization"},"potentialAction":[{"@type":"SearchAction","target":{"@type":"EntryPoint","urlTemplate":"https:\/\/www.eapol.pl\/?s={search_term_string}"},"query-input":{"@type":"PropertyValueSpecification","valueRequired":true,"valueName":"search_term_string"}}],"inLanguage":"en-GB"},{"@type":"Organization","@id":"https:\/\/www.eapol.pl\/#organization","name":"EAPOL","url":"https:\/\/www.eapol.pl\/","logo":{"@type":"ImageObject","inLanguage":"en-GB","@id":"https:\/\/www.eapol.pl\/#\/schema\/logo\/image\/","url":"https:\/\/www.eapol.pl\/wp-content\/uploads\/2019\/05\/logo2-1.png","contentUrl":"https:\/\/www.eapol.pl\/wp-content\/uploads\/2019\/05\/logo2-1.png","width":411,"height":207,"caption":"EAPOL"},"image":{"@id":"https:\/\/www.eapol.pl\/#\/schema\/logo\/image\/"}}]}},"_links":{"self":[{"href":"https:\/\/www.eapol.pl\/en\/wp-json\/wp\/v2\/pages\/13406","targetHints":{"allow":["GET"]}}],"collection":[{"href":"https:\/\/www.eapol.pl\/en\/wp-json\/wp\/v2\/pages"}],"about":[{"href":"https:\/\/www.eapol.pl\/en\/wp-json\/wp\/v2\/types\/page"}],"author":[{"embeddable":true,"href":"https:\/\/www.eapol.pl\/en\/wp-json\/wp\/v2\/users\/1"}],"replies":[{"embeddable":true,"href":"https:\/\/www.eapol.pl\/en\/wp-json\/wp\/v2\/comments?post=13406"}],"version-history":[{"count":1,"href":"https:\/\/www.eapol.pl\/en\/wp-json\/wp\/v2\/pages\/13406\/revisions"}],"predecessor-version":[{"id":16165,"href":"https:\/\/www.eapol.pl\/en\/wp-json\/wp\/v2\/pages\/13406\/revisions\/16165"}],"up":[{"embeddable":true,"href":"https:\/\/www.eapol.pl\/en\/wp-json\/wp\/v2\/pages\/3124"}],"wp:attachment":[{"href":"https:\/\/www.eapol.pl\/en\/wp-json\/wp\/v2\/media?parent=13406"}],"curies":[{"name":"wp","href":"https:\/\/api.w.org\/{rel}","templated":true}]}}