{"id":15220,"date":"2023-10-17T21:46:34","date_gmt":"2023-10-17T19:46:34","guid":{"rendered":"https:\/\/www.eapol.pl\/?page_id=15220"},"modified":"2025-01-09T18:13:57","modified_gmt":"2025-01-09T17:13:57","slug":"projektowanie-cad","status":"publish","type":"page","link":"https:\/\/www.eapol.pl\/en\/uslugi\/projektowanie-cad\/","title":{"rendered":"CAD Design"},"content":{"rendered":"<div data-elementor-type=\"wp-page\" data-elementor-id=\"15220\" class=\"elementor elementor-15220\">\n\t\t\t\t\t\t<section class=\"elementor-section elementor-top-section elementor-element elementor-element-ee28f4c elementor-section-boxed elementor-section-height-default elementor-section-height-default\" data-id=\"ee28f4c\" data-element_type=\"section\">\n\t\t\t\t\t\t<div class=\"elementor-container elementor-column-gap-default\">\n\t\t\t\t\t<div class=\"elementor-column elementor-col-100 elementor-top-column elementor-element elementor-element-125c3da top column-style-top\" data-id=\"125c3da\" data-element_type=\"column\">\n\t\t\t<div class=\"elementor-widget-wrap elementor-element-populated\">\n\t\t\t\t\t\t<div class=\"elementor-element elementor-element-d7bb93f elementor-widget elementor-widget-text-editor\" data-id=\"d7bb93f\" data-element_type=\"widget\" data-widget_type=\"text-editor.default\">\n\t\t\t\t<div class=\"elementor-widget-container\">\n\t\t\t\t\t\t\t\t\t<p>Dostar\u00adcza\u00admy najwy\u017cszej jako\u015b\u00adci rozwi\u0105za\u00adnia pro\u00adjek\u00adtowe, kt\u00f3re spe\u0142\u00adni\u00ada\u00adj\u0105 unikalne potrze\u00adby klien\u00adt\u00f3w. Wspier\u00adamy ich nasz\u0105 wiedz\u0105 i do\u015bwiad\u00adcze\u00adniem na ka\u017cdym etapie pro\u00adce\u00adsu. Korzys\u00adtamy z najlep\u00adszych narz\u0119dzi do pro\u00adjek\u00adtowa\u00adnia i symu\u00adlacji: Autodesk Inven\u00adtor, Solid\u00adWorks i EPLAN.<\/p>\t\t\t\t\t\t\t\t<\/div>\n\t\t\t\t<\/div>\n\t\t\t\t\t<\/div>\n\t\t<\/div>\n\t\t\t\t\t<\/div>\n\t\t<\/section>\n\t\t\t\t<section class=\"elementor-section elementor-top-section elementor-element elementor-element-e234f42 elementor-section-boxed elementor-section-height-default elementor-section-height-default\" data-id=\"e234f42\" data-element_type=\"section\">\n\t\t\t\t\t\t<div class=\"elementor-container elementor-column-gap-default\">\n\t\t\t\t\t<div class=\"elementor-column elementor-col-50 elementor-top-column elementor-element elementor-element-e6ea393 top column-style-top\" data-id=\"e6ea393\" data-element_type=\"column\">\n\t\t\t<div class=\"elementor-widget-wrap elementor-element-populated\">\n\t\t\t\t\t\t<div class=\"elementor-element elementor-element-d2cdadf elementor-widget elementor-widget-image\" data-id=\"d2cdadf\" data-element_type=\"widget\" data-widget_type=\"image.default\">\n\t\t\t\t<div class=\"elementor-widget-container\">\n\t\t\t\t\t\t\t\t\t\t\t\t\t\t\t<img fetchpriority=\"high\" decoding=\"async\" width=\"605\" height=\"340\" src=\"https:\/\/www.eapol.pl\/wp-content\/uploads\/2023\/10\/Obraz1.png\" class=\"attachment-large size-large wp-image-15223\" alt=\"projektowanie CAD symulacje | EAPOL\" srcset=\"https:\/\/www.eapol.pl\/wp-content\/uploads\/2023\/10\/Obraz1.png 605w, https:\/\/www.eapol.pl\/wp-content\/uploads\/2023\/10\/Obraz1-18x10.png 18w\" sizes=\"(max-width: 605px) 100vw, 605px\">\t\t\t\t\t\t\t\t\t\t\t\t\t\t\t<\/div>\n\t\t\t\t<\/div>\n\t\t\t\t<div class=\"elementor-element elementor-element-bb1a5cb elementor-widget elementor-widget-image\" data-id=\"bb1a5cb\" data-element_type=\"widget\" data-widget_type=\"image.default\">\n\t\t\t\t<div class=\"elementor-widget-container\">\n\t\t\t\t\t\t\t\t\t\t\t\t\t\t\t<img decoding=\"async\" width=\"900\" height=\"567\" src=\"https:\/\/www.eapol.pl\/wp-content\/uploads\/2023\/08\/electrical_drawing-1024x645.png\" class=\"attachment-large size-large wp-image-13361\" alt srcset=\"https:\/\/www.eapol.pl\/wp-content\/uploads\/2023\/08\/electrical_drawing-1024x645.png 1024w, https:\/\/www.eapol.pl\/wp-content\/uploads\/2023\/08\/electrical_drawing-768x484.png 768w, https:\/\/www.eapol.pl\/wp-content\/uploads\/2023\/08\/electrical_drawing-18x12.png 18w, https:\/\/www.eapol.pl\/wp-content\/uploads\/2023\/08\/electrical_drawing.png 1278w\" sizes=\"(max-width: 900px) 100vw, 900px\">\t\t\t\t\t\t\t\t\t\t\t\t\t\t\t<\/div>\n\t\t\t\t<\/div>\n\t\t\t\t<div class=\"elementor-element elementor-element-7444589 elementor-widget elementor-widget-image\" data-id=\"7444589\" data-element_type=\"widget\" data-widget_type=\"image.default\">\n\t\t\t\t<div class=\"elementor-widget-container\">\n\t\t\t\t\t\t\t\t\t\t\t\t\t\t\t<img decoding=\"async\" width=\"900\" height=\"489\" src=\"https:\/\/www.eapol.pl\/wp-content\/uploads\/2023\/10\/Projektowanie-CAD-1024x556.jpg\" class=\"attachment-large size-large wp-image-15249\" alt=\"projektowanie CAD w\u00f3zek suszarniczy | EAPOL\" srcset=\"https:\/\/www.eapol.pl\/wp-content\/uploads\/2023\/10\/Projektowanie-CAD-1024x556.jpg 1024w, https:\/\/www.eapol.pl\/wp-content\/uploads\/2023\/10\/Projektowanie-CAD-768x417.jpg 768w, https:\/\/www.eapol.pl\/wp-content\/uploads\/2023\/10\/Projektowanie-CAD-18x10.jpg 18w, https:\/\/www.eapol.pl\/wp-content\/uploads\/2023\/10\/Projektowanie-CAD.jpg 1920w\" sizes=\"(max-width: 900px) 100vw, 900px\">\t\t\t\t\t\t\t\t\t\t\t\t\t\t\t<\/div>\n\t\t\t\t<\/div>\n\t\t\t\t\t<\/div>\n\t\t<\/div>\n\t\t\t\t<div class=\"elementor-column elementor-col-50 elementor-top-column elementor-element elementor-element-c950f67 top column-style-top\" data-id=\"c950f67\" data-element_type=\"column\">\n\t\t\t<div class=\"elementor-widget-wrap elementor-element-populated\">\n\t\t\t\t\t\t<div class=\"elementor-element elementor-element-66c94fd elementor-widget elementor-widget-text-editor\" data-id=\"66c94fd\" data-element_type=\"widget\" data-widget_type=\"text-editor.default\">\n\t\t\t\t<div class=\"elementor-widget-container\">\n\t\t\t\t\t\t\t\t\t<p>Wsp\u00f3\u0142pracu\u00adje\u00admy z Pa\u0144st\u00adwem od pow\u00adsta\u00adnia pomys\u0142u do jego real\u00adiza\u00adcji. Wykonu\u00adje\u00admy pro\u00adjek\u00adty maszyn i narz\u0119dzi. Na Pa\u0144st\u00adwa \u017cycze\u00adnie wykon\u00adamy pro\u00adto\u00adtyp lub gotowy&nbsp;pro\u00addukt.<\/p><p><strong>1. Pro\u00adjek\u00adtowanie mechan\u00adiczne:<\/strong> spec\u00adjal\u00adizu\u00adje\u00admy si\u0119 w pro\u00adjek\u00adtowa\u00adniu kom\u00adpo\u00adnen\u00adt\u00f3w mechan\u00adicznych, maszyn, urz\u0105dze\u0144 i narz\u0119dzi. Ofer\u00adu\u00adje\u00admy kom\u00adplek\u00adsowe rozwi\u0105za\u00adnia, obe\u00adj\u00admu\u00adj\u0105ce zar\u00f3wno kon\u00adcep\u00adcyjne pro\u00adjek\u00adty, jak i szczeg\u00f3\u0142owe rysun\u00adki tech\u00adniczne.<\/p><p><strong>2. Pro\u00adjek\u00adtowanie elek\u00adtryczne:<\/strong>&nbsp;ofer\u00adu\u00adje\u00admy pro\u00adjek\u00adtowanie obwod\u00f3w elek\u00adtrycznych, a tak\u017ce \u2013 ich inte\u00adgracj\u0119 z sys\u00adtema\u00admi sterowa\u00adnia.<\/p><p><strong>3. Pro\u00adto\u00adty\u00adpowanie i symu\u00adlac\u00adje:<\/strong>&nbsp;nasze us\u0142u\u00adgi obe\u00adj\u00admu\u00adj\u0105 pro\u00adto\u00adty\u00adpowanie i symu\u00adlac\u00adje, kt\u00f3re pozwala\u00adj\u0105 zwery\u00adfikowa\u0107 wyda\u00adjno\u015b\u0107 i trwa\u0142o\u015b\u0107 pro\u00adjek\u00adtowanych rozwi\u0105za\u0144 przed prze\u00adj\u015b\u00adciem do pro\u00addukcji.<\/p><p><strong>4. Us\u0142u\u00adgi in\u017cynieryjne:<\/strong>&nbsp;nasi in\u017cynierowie zapew\u00adni\u00ada\u00adj\u0105 wspar\u00adcie w proce\u00adsach badaw\u00adc\u00adzo-roz\u00adwo\u00adjowych, w opty\u00admal\u00adiza\u00adcji pro\u00adjek\u00adt\u00f3w oraz w proce\u00adsach cer\u00adty\u00adfikacji.<\/p>\t\t\t\t\t\t\t\t<\/div>\n\t\t\t\t<\/div>\n\t\t\t\t\t<\/div>\n\t\t<\/div>\n\t\t\t\t\t<\/div>\n\t\t<\/section>\n\t\t\t\t<section class=\"elementor-section elementor-top-section elementor-element elementor-element-0453311 elementor-section-boxed elementor-section-height-default elementor-section-height-default\" data-id=\"0453311\" data-element_type=\"section\">\n\t\t\t\t\t\t<div class=\"elementor-container elementor-column-gap-default\">\n\t\t\t\t\t<div class=\"elementor-column elementor-col-100 elementor-top-column elementor-element elementor-element-a8d408d top column-style-top\" data-id=\"a8d408d\" data-element_type=\"column\">\n\t\t\t<div class=\"elementor-widget-wrap elementor-element-populated\">\n\t\t\t\t\t\t<div class=\"elementor-element elementor-element-599ecf8 elementor-widget elementor-widget-text-editor\" data-id=\"599ecf8\" data-element_type=\"widget\" data-widget_type=\"text-editor.default\">\n\t\t\t\t<div class=\"elementor-widget-container\">\n\t\t\t\t\t\t\t\t\t<h3>Our Advantages<\/h3><ul><li><p><strong>Expe\u00adri\u00adence:<\/strong> mamy wielo\u00adlet\u00adnie do\u015bwiad\u00adcze\u00adnie w dziedzinie pro\u00adjek\u00adtowa\u00adnia CAD, co pozwala nam \u015bwiad\u00adczy\u0107 us\u0142u\u00adgi najwy\u017cszej jako\u015b\u00adci.<\/p><\/li><li><p><strong>Nowoczesne narz\u0119dzia:<\/strong> korzys\u00adtamy z najnowocze\u015bniejszego opro\u00adgramowa\u00adnia i tech\u00adnologii CAD, dzi\u0119\u00adki czemu osi\u0105gamy doskon\u00ada\u0142e wyni\u00adki.<\/p><\/li><li><p><strong>Dos\u00adtosowane rozwi\u0105za\u00adnia:<\/strong> ka\u017cdy pro\u00adjekt jest unikalny, dlat\u00adego dos\u00adtosowu\u00adje\u00admy nasze us\u0142u\u00adgi do specy\u00adficznych potrzeb klien\u00adta.<\/p><\/li><li><p><strong>Dok\u0142ad\u00adno\u015b\u0107 i ter\u00admi\u00adnowo\u015b\u0107:<\/strong> pro\u00adjek\u00adty wykonu\u00adje\u00admy pre\u00adcyzyjnie i dostar\u00adcza\u00admy je na czas.<\/p><\/li><\/ul>\t\t\t\t\t\t\t\t<\/div>\n\t\t\t\t<\/div>\n\t\t\t\t\t<\/div>\n\t\t<\/div>\n\t\t\t\t\t<\/div>\n\t\t<\/section>\n\t\t\t\t<\/div>","protected":false},"excerpt":{"rendered":"<p>Dostar\u00adcza\u00admy najwy\u017cszej jako\u015b\u00adci rozwi\u0105za\u00adnia pro\u00adjek\u00adtowe, kt\u00f3re spe\u0142\u00adni\u00ada\u00adj\u0105 unikalne potrze\u00adby klien\u00adt\u00f3w. Wspier\u00adamy ich nasz\u0105 wiedz\u0105 i do\u015bwiad\u00adcze\u00adniem na ka\u017cdym etapie pro\u00adce\u00adsu. Korzys\u00adtamy z najlep\u00adszych narz\u0119dzi do pro\u00adjek\u00adtowa\u00adnia i symu\u00adlacji: Autodesk Inven\u00adtor, [\u2026]<\/p>","protected":false},"author":1,"featured_media":0,"parent":3124,"menu_order":0,"comment_status":"closed","ping_status":"closed","template":"","meta":{"_acf_changed":false,"wp_typography_post_enhancements_disabled":false,"_themeisle_gutenberg_block_has_review":false,"footnotes":""},"class_list":["post-15220","page","type-page","status-publish","hentry"],"acf":[],"yoast_head":"<!-- This site is optimized with the Yoast SEO plugin v26.3 - https:\/\/yoast.com\/wordpress\/plugins\/seo\/ -->\n<title>Projektowanie CAD dla urz\u0105dze\u0144 przemys\u0142owych \u2013 Eapol<\/title>\n<meta name=\"description\" content=\"Eapol oferuje profesjonalne projektowanie CAD: maszyny, urz\u0105dzenia, prototypy. Korzystamy z narz\u0119dzi Autodesk Inventor, SolidWorks i EPLAN.\" \/>\n<meta name=\"robots\" content=\"index, follow, max-snippet:-1, max-image-preview:large, max-video-preview:-1\" \/>\n<link rel=\"canonical\" href=\"https:\/\/www.eapol.pl\/en\/uslugi\/projektowanie-cad\/\" \/>\n<meta property=\"og:locale\" content=\"en_GB\" \/>\n<meta property=\"og:type\" content=\"article\" \/>\n<meta property=\"og:title\" content=\"Projektowanie CAD dla urz\u0105dze\u0144 przemys\u0142owych \u2013 Eapol\" \/>\n<meta property=\"og:description\" content=\"Eapol oferuje profesjonalne projektowanie CAD: maszyny, urz\u0105dzenia, prototypy. Korzystamy z narz\u0119dzi Autodesk Inventor, SolidWorks i EPLAN.\" \/>\n<meta property=\"og:url\" content=\"https:\/\/www.eapol.pl\/en\/uslugi\/projektowanie-cad\/\" \/>\n<meta property=\"og:site_name\" content=\"EAPOL\" \/>\n<meta property=\"article:modified_time\" content=\"2025-01-09T17:13:57+00:00\" \/>\n<meta property=\"og:image\" content=\"https:\/\/www.eapol.pl\/wp-content\/uploads\/2023\/10\/Obraz1.png\" \/>\n<meta name=\"twitter:card\" content=\"summary_large_image\" \/>\n<meta name=\"twitter:label1\" content=\"Estimated reading time\" \/>\n\t<meta name=\"twitter:data1\" content=\"2 minutes\" \/>\n<script type=\"application\/ld+json\" class=\"yoast-schema-graph\">{\"@context\":\"https:\/\/schema.org\",\"@graph\":[{\"@type\":\"WebPage\",\"@id\":\"https:\/\/www.eapol.pl\/uslugi\/projektowanie-cad\/\",\"url\":\"https:\/\/www.eapol.pl\/uslugi\/projektowanie-cad\/\",\"name\":\"Projektowanie CAD dla urz\u0105dze\u0144 przemys\u0142owych \u2013 Eapol\",\"isPartOf\":{\"@id\":\"https:\/\/www.eapol.pl\/#website\"},\"primaryImageOfPage\":{\"@id\":\"https:\/\/www.eapol.pl\/uslugi\/projektowanie-cad\/#primaryimage\"},\"image\":{\"@id\":\"https:\/\/www.eapol.pl\/uslugi\/projektowanie-cad\/#primaryimage\"},\"thumbnailUrl\":\"https:\/\/www.eapol.pl\/wp-content\/uploads\/2023\/10\/Obraz1.png\",\"datePublished\":\"2023-10-17T19:46:34+00:00\",\"dateModified\":\"2025-01-09T17:13:57+00:00\",\"description\":\"Eapol oferuje profesjonalne projektowanie CAD: maszyny, urz\u0105dzenia, prototypy. Korzystamy z narz\u0119dzi Autodesk Inventor, SolidWorks i EPLAN.\",\"breadcrumb\":{\"@id\":\"https:\/\/www.eapol.pl\/uslugi\/projektowanie-cad\/#breadcrumb\"},\"inLanguage\":\"en-GB\",\"potentialAction\":[{\"@type\":\"ReadAction\",\"target\":[\"https:\/\/www.eapol.pl\/uslugi\/projektowanie-cad\/\"]}]},{\"@type\":\"ImageObject\",\"inLanguage\":\"en-GB\",\"@id\":\"https:\/\/www.eapol.pl\/uslugi\/projektowanie-cad\/#primaryimage\",\"url\":\"https:\/\/www.eapol.pl\/wp-content\/uploads\/2023\/10\/Obraz1.png\",\"contentUrl\":\"https:\/\/www.eapol.pl\/wp-content\/uploads\/2023\/10\/Obraz1.png\"},{\"@type\":\"BreadcrumbList\",\"@id\":\"https:\/\/www.eapol.pl\/uslugi\/projektowanie-cad\/#breadcrumb\",\"itemListElement\":[{\"@type\":\"ListItem\",\"position\":1,\"name\":\"Strona g\u0142\u00f3wna\",\"item\":\"https:\/\/www.eapol.pl\/\"},{\"@type\":\"ListItem\",\"position\":2,\"name\":\"Us\u0142ugi\",\"item\":\"https:\/\/www.eapol.pl\/uslugi\/\"},{\"@type\":\"ListItem\",\"position\":3,\"name\":\"Projektowanie CAD\"}]},{\"@type\":\"WebSite\",\"@id\":\"https:\/\/www.eapol.pl\/#website\",\"url\":\"https:\/\/www.eapol.pl\/\",\"name\":\"EAPOL\",\"description\":\"\",\"publisher\":{\"@id\":\"https:\/\/www.eapol.pl\/#organization\"},\"potentialAction\":[{\"@type\":\"SearchAction\",\"target\":{\"@type\":\"EntryPoint\",\"urlTemplate\":\"https:\/\/www.eapol.pl\/?s={search_term_string}\"},\"query-input\":{\"@type\":\"PropertyValueSpecification\",\"valueRequired\":true,\"valueName\":\"search_term_string\"}}],\"inLanguage\":\"en-GB\"},{\"@type\":\"Organization\",\"@id\":\"https:\/\/www.eapol.pl\/#organization\",\"name\":\"EAPOL\",\"url\":\"https:\/\/www.eapol.pl\/\",\"logo\":{\"@type\":\"ImageObject\",\"inLanguage\":\"en-GB\",\"@id\":\"https:\/\/www.eapol.pl\/#\/schema\/logo\/image\/\",\"url\":\"https:\/\/www.eapol.pl\/wp-content\/uploads\/2019\/05\/logo2-1.png\",\"contentUrl\":\"https:\/\/www.eapol.pl\/wp-content\/uploads\/2019\/05\/logo2-1.png\",\"width\":411,\"height\":207,\"caption\":\"EAPOL\"},\"image\":{\"@id\":\"https:\/\/www.eapol.pl\/#\/schema\/logo\/image\/\"}}]}<\/script>\n<!-- \/ Yoast SEO plugin. -->","yoast_head_json":{"title":"Pro\u00adjek\u00adtowanie CAD dla urz\u0105dze\u0144 prze\u00admys\u0142owych \u2013 Eapol","description":"Eapol ofer\u00adu\u00adje pro\u00adfesjon\u00adalne pro\u00adjek\u00adtowanie CAD: maszyny, urz\u0105dzenia, pro\u00adto\u00adtypy. Korzys\u00adtamy z narz\u0119dzi Autodesk Inven\u00adtor, Solid\u00adWorks i EPLAN.","robots":{"index":"index","follow":"follow","max-snippet":"max-snippet:-1","max-image-preview":"max-image-preview:large","max-video-preview":"max-video-preview:-1"},"canonical":"https:\/\/www.eapol.pl\/en\/uslugi\/projektowanie-cad\/","og_locale":"en_GB","og_type":"article","og_title":"Projektowanie CAD dla urz\u0105dze\u0144 przemys\u0142owych \u2013 Eapol","og_description":"Eapol oferuje profesjonalne projektowanie CAD: maszyny, urz\u0105dzenia, prototypy. Korzystamy z narz\u0119dzi Autodesk Inventor, SolidWorks i EPLAN.","og_url":"https:\/\/www.eapol.pl\/en\/uslugi\/projektowanie-cad\/","og_site_name":"EAPOL","article_modified_time":"2025-01-09T17:13:57+00:00","og_image":[{"url":"https:\/\/www.eapol.pl\/wp-content\/uploads\/2023\/10\/Obraz1.png","type":"","width":"","height":""}],"twitter_card":"summary_large_image","twitter_misc":{"Estimated reading time":"2 minutes"},"schema":{"@context":"https:\/\/schema.org","@graph":[{"@type":"WebPage","@id":"https:\/\/www.eapol.pl\/uslugi\/projektowanie-cad\/","url":"https:\/\/www.eapol.pl\/uslugi\/projektowanie-cad\/","name":"Pro\u00adjek\u00adtowanie CAD dla urz\u0105dze\u0144 prze\u00admys\u0142owych \u2013 Eapol","isPartOf":{"@id":"https:\/\/www.eapol.pl\/#website"},"primaryImageOfPage":{"@id":"https:\/\/www.eapol.pl\/uslugi\/projektowanie-cad\/#primaryimage"},"image":{"@id":"https:\/\/www.eapol.pl\/uslugi\/projektowanie-cad\/#primaryimage"},"thumbnailUrl":"https:\/\/www.eapol.pl\/wp-content\/uploads\/2023\/10\/Obraz1.png","datePublished":"2023-10-17T19:46:34+00:00","dateModified":"2025-01-09T17:13:57+00:00","description":"Eapol ofer\u00adu\u00adje pro\u00adfesjon\u00adalne pro\u00adjek\u00adtowanie CAD: maszyny, urz\u0105dzenia, pro\u00adto\u00adtypy. Korzys\u00adtamy z narz\u0119dzi Autodesk Inven\u00adtor, Solid\u00adWorks i EPLAN.","breadcrumb":{"@id":"https:\/\/www.eapol.pl\/uslugi\/projektowanie-cad\/#breadcrumb"},"inLanguage":"en-GB","potentialAction":[{"@type":"ReadAction","target":["https:\/\/www.eapol.pl\/uslugi\/projektowanie-cad\/"]}]},{"@type":"ImageObject","inLanguage":"en-GB","@id":"https:\/\/www.eapol.pl\/uslugi\/projektowanie-cad\/#primaryimage","url":"https:\/\/www.eapol.pl\/wp-content\/uploads\/2023\/10\/Obraz1.png","contentUrl":"https:\/\/www.eapol.pl\/wp-content\/uploads\/2023\/10\/Obraz1.png"},{"@type":"BreadcrumbList","@id":"https:\/\/www.eapol.pl\/uslugi\/projektowanie-cad\/#breadcrumb","itemListElement":[{"@type":"ListItem","position":1,"name":"Strona g\u0142\u00f3wna","item":"https:\/\/www.eapol.pl\/"},{"@type":"ListItem","position":2,"name":"Us\u0142ugi","item":"https:\/\/www.eapol.pl\/uslugi\/"},{"@type":"ListItem","position":3,"name":"Projektowanie CAD"}]},{"@type":"WebSite","@id":"https:\/\/www.eapol.pl\/#website","url":"https:\/\/www.eapol.pl\/","name":"EAPOL","description":"","publisher":{"@id":"https:\/\/www.eapol.pl\/#organization"},"potentialAction":[{"@type":"SearchAction","target":{"@type":"EntryPoint","urlTemplate":"https:\/\/www.eapol.pl\/?s={search_term_string}"},"query-input":{"@type":"PropertyValueSpecification","valueRequired":true,"valueName":"search_term_string"}}],"inLanguage":"en-GB"},{"@type":"Organization","@id":"https:\/\/www.eapol.pl\/#organization","name":"EAPOL","url":"https:\/\/www.eapol.pl\/","logo":{"@type":"ImageObject","inLanguage":"en-GB","@id":"https:\/\/www.eapol.pl\/#\/schema\/logo\/image\/","url":"https:\/\/www.eapol.pl\/wp-content\/uploads\/2019\/05\/logo2-1.png","contentUrl":"https:\/\/www.eapol.pl\/wp-content\/uploads\/2019\/05\/logo2-1.png","width":411,"height":207,"caption":"EAPOL"},"image":{"@id":"https:\/\/www.eapol.pl\/#\/schema\/logo\/image\/"}}]}},"_links":{"self":[{"href":"https:\/\/www.eapol.pl\/en\/wp-json\/wp\/v2\/pages\/15220","targetHints":{"allow":["GET"]}}],"collection":[{"href":"https:\/\/www.eapol.pl\/en\/wp-json\/wp\/v2\/pages"}],"about":[{"href":"https:\/\/www.eapol.pl\/en\/wp-json\/wp\/v2\/types\/page"}],"author":[{"embeddable":true,"href":"https:\/\/www.eapol.pl\/en\/wp-json\/wp\/v2\/users\/1"}],"replies":[{"embeddable":true,"href":"https:\/\/www.eapol.pl\/en\/wp-json\/wp\/v2\/comments?post=15220"}],"version-history":[{"count":66,"href":"https:\/\/www.eapol.pl\/en\/wp-json\/wp\/v2\/pages\/15220\/revisions"}],"predecessor-version":[{"id":15361,"href":"https:\/\/www.eapol.pl\/en\/wp-json\/wp\/v2\/pages\/15220\/revisions\/15361"}],"up":[{"embeddable":true,"href":"https:\/\/www.eapol.pl\/en\/wp-json\/wp\/v2\/pages\/3124"}],"wp:attachment":[{"href":"https:\/\/www.eapol.pl\/en\/wp-json\/wp\/v2\/media?parent=15220"}],"curies":[{"name":"wp","href":"https:\/\/api.w.org\/{rel}","templated":true}]}}