{"id":3124,"date":"2018-07-05T01:04:27","date_gmt":"2018-07-05T01:04:27","guid":{"rendered":"https:\/\/www.gavias-theme.com\/wp\/inusti\/?page_id=3124"},"modified":"2025-06-23T14:11:09","modified_gmt":"2025-06-23T12:11:09","slug":"uslugi","status":"publish","type":"page","link":"https:\/\/www.eapol.pl\/en\/uslugi\/","title":{"rendered":"Ser\u00advices"},"content":{"rendered":"<div data-elementor-type=\"wp-post\" data-elementor-id=\"3124\" class=\"elementor elementor-3124\">\n\t\t\t\t\t\t<section class=\"elementor-section elementor-top-section elementor-element elementor-element-1c672db elementor-section-boxed elementor-section-height-default elementor-section-height-default\" data-id=\"1c672db\" data-element_type=\"section\" data-settings=\"{&quot;background_background&quot;:&quot;classic&quot;}\">\n\t\t\t\t\t\t<div class=\"elementor-container elementor-column-gap-default\">\n\t\t\t\t\t<div class=\"elementor-column elementor-col-100 elementor-top-column elementor-element elementor-element-0165fe9 top column-style-top\" data-id=\"0165fe9\" data-element_type=\"column\">\n\t\t\t<div class=\"elementor-widget-wrap elementor-element-populated\">\n\t\t\t\t\t\t<div class=\"elementor-element elementor-element-30a61c6 elementor-widget elementor-widget-gva-heading-block\" data-id=\"30a61c6\" data-element_type=\"widget\" data-widget_type=\"gva-heading-block.default\">\n\t\t\t\t<div class=\"elementor-widget-container\">\n\t\t\t\t\t<div class=\"gva-element-gva-heading-block gva-element\">   <div class=\"align-center style-1 widget gsc-heading box-align-center\">\n      <div class=\"content-inner\">\n         \n                  \n                     <div class=\"clearfix\"><div class=\"sub-title\"><span>What Do We Offer?<\/span><\/div><\/div>\n           \n         \n                     <h2 class=\"title\">\n               <span>Nasze us\u0142ugi dla przemys\u0142u<\/span>\n            <\/h2>\n                              <div class=\"title-desc\">Kom\u00adplek\u00adsowe wspar\u00adcie od CAD po ser\u00adwis i wyna\u00adjem<\/div>\n         \n         \n      <\/div>\n   <\/div>\n   <div class=\"clearfix\"><\/div>\n<\/div>\t\t\t\t<\/div>\n\t\t\t\t<\/div>\n\t\t\t\t<div class=\"elementor-element elementor-element-07e24b3 lb-services__wrapper elementor-widget elementor-widget-gva-services-group\" data-id=\"07e24b3\" data-element_type=\"widget\" data-widget_type=\"gva-services-group.default\">\n\t\t\t\t<div class=\"elementor-widget-container\">\n\t\t\t\t\t<div class=\"gva-element-gva-services-group gva-element\">\n<div class=\"gsc-services-group layout-grid\">\n   <div class=\"lg-block-grid-3 md-block-grid-3 sm-block-grid-2 xs-block-grid-2 xx-block-grid-1\">\n               <div class=\"item-columns\">\n            \n   <div class=\"service-item style-1\">\n      <div class=\"service-item-content\">\n      \t\t<div class=\"service-image\">\t      \t\n\t\t\t\n\t\t\t\t\t\t\t<img decoding=\"async\" src=\"https:\/\/www.eapol.pl\/wp-content\/uploads\/2023\/07\/IMG_20220918_111746091-scaled.jpg\" alt=\"\tGeneralne wykonawstwo instalacji\">\n\t\t\t\t\t\n\t            \t\t\t<\/div>\n            <div class=\"service-content\">\n\t\t\t\t\t\t\t\t\t<h3 class=\"title\"><span>\tGeneralne wykonawstwo instalacji<\/span><\/h3>\n\t\t\t\t\n\t\t\t\t\n\t\t\t\t\t\t\t\t\t\n\t\t\t\t\t<div class=\"read-more\">\n\t\t               <a href=\"https:\/\/www.eapol.pl\/en\/uslugi\/generalne-wykonawstwo\/\">\n\t\t               \t<i class=\"fas fa-long-arrow-alt-right\"><\/i>\n\t\t               <\/a>\n\t\t            <\/div>\n\t\t\t\t\t\t\t<\/div>\n\t\t<\/div>\n\t\t\n\t\t        <a href=\"https:\/\/www.eapol.pl\/en\/uslugi\/generalne-wykonawstwo\/\" class=\"link-overlay\"><\/a>\n        \t<\/div>\t\t\n\t\n\n\n<!-- Style II -->\n\t         <\/div>\n               <div class=\"item-columns\">\n            \n   <div class=\"service-item style-1\">\n      <div class=\"service-item-content\">\n      \t\t<div class=\"service-image\">\t      \t\n\t\t\t\n\t\t\t\t\t\t\t<img decoding=\"async\" src=\"https:\/\/www.eapol.pl\/wp-content\/uploads\/2023\/07\/IMG_20210812_131218-scaled.jpg\" alt=\"Systemy automatyki przemys\u0142owej\">\n\t\t\t\t\t\n\t            \t\t\t<\/div>\n            <div class=\"service-content\">\n\t\t\t\t\t\t\t\t\t<h3 class=\"title\"><span>Systemy automatyki przemys\u0142owej<\/span><\/h3>\n\t\t\t\t\n\t\t\t\t\n\t\t\t\t\t\t\t\t\t\n\t\t\t\t\t<div class=\"read-more\">\n\t\t               <a href=\"https:\/\/www.eapol.pl\/en\/uslugi\/automatyka-przemyslowa\/\">\n\t\t               \t<i class=\"fas fa-long-arrow-alt-right\"><\/i>\n\t\t               <\/a>\n\t\t            <\/div>\n\t\t\t\t\t\t\t<\/div>\n\t\t<\/div>\n\t\t\n\t\t        <a href=\"https:\/\/www.eapol.pl\/en\/uslugi\/automatyka-przemyslowa\/\" class=\"link-overlay\"><\/a>\n        \t<\/div>\t\t\n\t\n\n\n<!-- Style II -->\n\t         <\/div>\n               <div class=\"item-columns\">\n            \n   <div class=\"service-item style-1\">\n      <div class=\"service-item-content\">\n      \t\t<div class=\"service-image\">\t      \t\n\t\t\t\n\t\t\t\t\t\t\t<img decoding=\"async\" src=\"https:\/\/www.eapol.pl\/wp-content\/uploads\/2023\/10\/Obraz1.png\" alt=\"Projektowanie CAD 2D\/3D dla przemys\u0142u\">\n\t\t\t\t\t\n\t            \t\t\t<\/div>\n            <div class=\"service-content\">\n\t\t\t\t\t\t\t\t\t<h3 class=\"title\"><span>Projektowanie CAD 2D\/3D dla przemys\u0142u<\/span><\/h3>\n\t\t\t\t\n\t\t\t\t\n\t\t\t\t\t\t\t\t\t\n\t\t\t\t\t<div class=\"read-more\">\n\t\t               <a href=\"https:\/\/www.eapol.pl\/en\/uslugi\/projektowanie-cad\/\">\n\t\t               \t<i class=\"fas fa-long-arrow-alt-right\"><\/i>\n\t\t               <\/a>\n\t\t            <\/div>\n\t\t\t\t\t\t\t<\/div>\n\t\t<\/div>\n\t\t\n\t\t        <a href=\"https:\/\/www.eapol.pl\/en\/uslugi\/projektowanie-cad\/\" class=\"link-overlay\"><\/a>\n        \t<\/div>\t\t\n\t\n\n\n<!-- Style II -->\n\t         <\/div>\n               <div class=\"item-columns\">\n            \n   <div class=\"service-item style-1\">\n      <div class=\"service-item-content\">\n      \t\t<div class=\"service-image\">\t      \t\n\t\t\t\n\t\t\t\t\t\t\t<img decoding=\"async\" src=\"https:\/\/www.eapol.pl\/wp-content\/uploads\/2023\/07\/IMG_20230211_115007878-scaled.jpg\" alt=\"Prefabrykacja szaf<br>sterowniczych\">\n\t\t\t\t\t\n\t            \t\t\t<\/div>\n            <div class=\"service-content\">\n\t\t\t\t\t\t\t\t\t<h3 class=\"title\"><span>Control cabinets<br>prefabrication<\/span><\/h3>\n\t\t\t\t\n\t\t\t\t\n\t\t\t\t\t\t\t\t\t\n\t\t\t\t\t<div class=\"read-more\">\n\t\t               <a href=\"https:\/\/www.eapol.pl\/en\/uslugi\/prefabrykacja-szaf-sterowniczych\/\">\n\t\t               \t<i class=\"fas fa-long-arrow-alt-right\"><\/i>\n\t\t               <\/a>\n\t\t            <\/div>\n\t\t\t\t\t\t\t<\/div>\n\t\t<\/div>\n\t\t\n\t\t        <a href=\"https:\/\/www.eapol.pl\/en\/uslugi\/prefabrykacja-szaf-sterowniczych\/\" class=\"link-overlay\"><\/a>\n        \t<\/div>\t\t\n\t\n\n\n<!-- Style II -->\n\t         <\/div>\n               <div class=\"item-columns\">\n            \n   <div class=\"service-item style-1\">\n      <div class=\"service-item-content\">\n      \t\t<div class=\"service-image\">\t      \t\n\t\t\t\n\t\t\t\t\t\t\t<img decoding=\"async\" src=\"https:\/\/www.eapol.pl\/wp-content\/uploads\/2023\/08\/14.jpg\" alt=\"Serwis i wsparcie automatyki\">\n\t\t\t\t\t\n\t            \t\t\t<\/div>\n            <div class=\"service-content\">\n\t\t\t\t\t\t\t\t\t<h3 class=\"title\"><span>Serwis i wsparcie automatyki<\/span><\/h3>\n\t\t\t\t\n\t\t\t\t\n\t\t\t\t\t\t\t\t\t\n\t\t\t\t\t<div class=\"read-more\">\n\t\t               <a href=\"https:\/\/www.eapol.pl\/en\/uslugi\/wsparcie-i-serwis\/\">\n\t\t               \t<i class=\"fas fa-long-arrow-alt-right\"><\/i>\n\t\t               <\/a>\n\t\t            <\/div>\n\t\t\t\t\t\t\t<\/div>\n\t\t<\/div>\n\t\t\n\t\t        <a href=\"https:\/\/www.eapol.pl\/en\/uslugi\/wsparcie-i-serwis\/\" class=\"link-overlay\"><\/a>\n        \t<\/div>\t\t\n\t\n\n\n<!-- Style II -->\n\t         <\/div>\n               <div class=\"item-columns\">\n            \n   <div class=\"service-item style-1\">\n      <div class=\"service-item-content\">\n      \t\t<div class=\"service-image\">\t      \t\n\t\t\t\n\t\t\t\t\t\t\t<img decoding=\"async\" src=\"https:\/\/www.eapol.pl\/wp-content\/uploads\/2023\/08\/IMG_20230211_115018193-scaled.jpg\" alt=\"Wynajem sezonowy<br>i d\u0142ugoterminowy\">\n\t\t\t\t\t\n\t            \t\t\t<\/div>\n            <div class=\"service-content\">\n\t\t\t\t\t\t\t\t\t<h3 class=\"title\"><span>Seasonal and<br>long-term rentals<\/span><\/h3>\n\t\t\t\t\n\t\t\t\t\n\t\t\t\t\t\t\t\t\t\n\t\t\t\t\t<div class=\"read-more\">\n\t\t               <a href=\"https:\/\/www.eapol.pl\/en\/uslugi\/wynajem-sezonowy-i-dlugoterminowy\/\">\n\t\t               \t<i class=\"fas fa-long-arrow-alt-right\"><\/i>\n\t\t               <\/a>\n\t\t            <\/div>\n\t\t\t\t\t\t\t<\/div>\n\t\t<\/div>\n\t\t\n\t\t        <a href=\"https:\/\/www.eapol.pl\/en\/uslugi\/wynajem-sezonowy-i-dlugoterminowy\/\" class=\"link-overlay\"><\/a>\n        \t<\/div>\t\t\n\t\n\n\n<!-- Style II -->\n\t         <\/div>\n         <\/div>   \n<\/div>\n<\/div>\t\t\t\t<\/div>\n\t\t\t\t<\/div>\n\t\t\t\t\t<\/div>\n\t\t<\/div>\n\t\t\t\t\t<\/div>\n\t\t<\/section>\n\t\t\t\t<section class=\"elementor-section elementor-top-section elementor-element elementor-element-5537db3 elementor-section-boxed elementor-section-height-default elementor-section-height-default\" data-id=\"5537db3\" data-element_type=\"section\">\n\t\t\t\t\t\t<div class=\"elementor-container elementor-column-gap-default\">\n\t\t\t\t\t<div class=\"elementor-column elementor-col-100 elementor-top-column elementor-element elementor-element-b73be7c top column-style-top\" data-id=\"b73be7c\" data-element_type=\"column\">\n\t\t\t<div class=\"elementor-widget-wrap elementor-element-populated\">\n\t\t\t\t\t\t<div class=\"elementor-element elementor-element-8d75605 elementor-widget-divider--view-line elementor-widget elementor-widget-divider\" data-id=\"8d75605\" data-element_type=\"widget\" data-widget_type=\"divider.default\">\n\t\t\t\t<div class=\"elementor-widget-container\">\n\t\t\t\t\t\t\t<div class=\"elementor-divider\">\n\t\t\t<span class=\"elementor-divider-separator\">\n\t\t\t\t\t\t<\/span>\n\t\t<\/div>\n\t\t\t\t\t\t<\/div>\n\t\t\t\t<\/div>\n\t\t\t\t<div class=\"elementor-element elementor-element-c7a1f44 elementor-widget elementor-widget-html\" data-id=\"c7a1f44\" data-element_type=\"widget\" data-widget_type=\"html.default\">\n\t\t\t\t<div class=\"elementor-widget-container\">\n\t\t\t\t\t<style>\n.eapol-expandable-content{position:relative;max-height:150px;overflow:hidden;transition:max-height .4s ease-in-out;padding-bottom:10px}\n.eapol-expandable-content::after{content:'';position:absolute;bottom:0;left:0;right:0;height:50px;background:linear-gradient(to bottom,transparent,white);transition:opacity .4s ease-in-out;pointer-events:none}\n.eapol-expandable-content.is-expanded{max-height:2000px;padding-bottom:0}\n.eapol-expandable-content.is-expanded::after{opacity:0}\n.eapol-expandable-content a,.eapol-text-toggle{font-weight:bold;color:#0056b3}\n.eapol-expandable-content a{text-decoration:underline}\n.eapol-expandable-content a:hover{text-decoration:none}\n.eapol-text-toggle{cursor:pointer;text-align:center;border-top:1px solid #e0e0e0;margin-top:10px;padding-top:10px;user-select:none}\n.eapol-text-toggle:hover{color:#004494}\n<\/style>\n<div class=\"eapol-expandable-content-wrapper\">\n<div class=\"eapol-expandable-content\" id=\"eapol-text-container\">\n<p>Jeste\u015bmy zespo\u0142em do\u015bwiad\u00adc\u00adzonych in\u017cynier\u00f3w i spec\u00adjal\u00adist\u00f3w, kt\u00f3rzy zapew\u00adni\u00ada\u00adj\u0105 ci\u0105g\u0142o\u015b\u0107 pro\u00addukcji dzi\u0119\u00adki zaawan\u00adsowanym sys\u00adte\u00admom <a href=\"https:\/\/www.eapol.pl\/en\/uslugi\/automatyka-przemyslowa\/\">automaty\u00adki prze\u00admys\u0142owej<\/a>, pre\u00adcyzyjnie dos\u00adtosowanym do specy\u00adfi\u00adki ka\u017cdego zak\u0142adu. Nasze rozwi\u0105za\u00adnia <a href=\"https:\/\/www.eapol.pl\/en\/uslugi\/wynajem-sezonowy-i-dlugoterminowy\/\">wyna\u00adj\u00admu sezonowego i d\u0142u\u00adgoter\u00admi\u00adnowego<\/a> umo\u017cli\u00adwia\u00adj\u0105 opty\u00admal\u00adiza\u00adcj\u0119 CAPEX i OPEX bez anga\u017cowa\u00adnia du\u017cego kap\u00adi\u00adta\u0142u w\u0142as\u00adnego, a pro\u00adfesjon\u00adalne <a href=\"https:\/\/www.eapol.pl\/en\/uslugi\/wsparcie-i-serwis\/\">wspar\u00adcie i ser\u00adwis tech\u00adniczny 24\/7<\/a> gwaran\u00adtu\u00adje naty\u00adch\u00admi\u00adas\u00adtow\u0105 reakcj\u0119 na wszelkie awarie i utrzy\u00admanie najwy\u017cszej nieza\u00adwod\u00adno\u015b\u00adci urz\u0105dze\u0144.<\/p>\n<p>Jeste\u015bmy lid\u00aderem w <a href=\"https:\/\/www.eapol.pl\/en\/uslugi\/generalne-wykonawstwo\/\">gen\u00ader\u00adal\u00adnym wykon\u00adaw\u00adst\u00adwie insta\u00adlacji<\/a> \u2013 od szczeg\u00f3\u0142owej anal\u00adizy potrzeb, poprzez mon\u00adta\u017c, a\u017c po uru\u00adchomie\u00adnie sys\u00adte\u00admu \u2013 co przek\u0142a\u00adda si\u0119 na sp\u00f3jno\u015b\u0107 pro\u00adjek\u00adtu i ter\u00admi\u00adnow\u0105 real\u00adiza\u00adcj\u0119 inwest\u00ady\u00adcji. Nasza <a href=\"https:\/\/www.eapol.pl\/en\/uslugi\/prefabrykacja-szaf-sterowniczych\/\">pre\u00adfab\u00adrykac\u00adja szaf sterown\u00adiczych<\/a> zgod\u00adna z nor\u00adma\u00admi PN-EN 60204\u20131 oraz dyrek\u00adty\u00adwa\u00admi UE skra\u00adca czas insta\u00adlacji u klien\u00adta i elimin\u00adu\u00adje potenc\u00adjalne b\u0142\u0119dy mon\u00adta\u017cowe. W obszarze <a href=\"https:\/\/www.eapol.pl\/en\/uslugi\/projektowanie-cad\/\">pro\u00adjek\u00adtowa\u00adnia CAD 2D\/3D<\/a> real\u00adizu\u00adje\u00admy zaawan\u00adsowane anal\u00adizy wytrzy\u00adma\u0142o\u015b\u00adciowe i ter\u00admiczne, co pozwala opty\u00admal\u00adi\u00adzowa\u0107 kon\u00adstrukc\u00adje pod k\u0105tem wyda\u00adjno\u015b\u00adci i bez\u00adpiecze\u0144st\u00adwa.<\/p>\n<p>Ofer\u00adta EAPOL dedykowana jest przed\u00adsi\u0119biorstwom z sek\u00adto\u00adra spo\u017cy\u00adw\u00adczego, far\u00adma\u00adceu\u00adty\u00adcznego, chemicznego i moto\u00adryza\u00adcyjnego, co \u015bwiad\u00adczy o uni\u00adw\u00ader\u00adsal\u00adno\u015b\u00adci naszych rozwi\u0105za\u0144 i bogatym do\u015bwiad\u00adcze\u00adniu zespo\u0142u. W\u0142as\u00adny park maszynowy oraz zesp\u00f3\u0142 ekspert\u00f3w in\u017cynieryjnych pozwala\u00adj\u0105 nam real\u00adi\u00adzowa\u0107 najbardziej zaawan\u00adsowane pro\u00adjek\u00adty przy zachowa\u00adniu konkuren\u00adcyjnych cen. Dodatkowo ofer\u00adu\u00adje\u00admy wszech\u00adstronne doradzt\u00adwo tech\u00adniczne oraz szy\u00adb\u00adki dost\u0119p do ory\u00adgi\u00adnal\u00adnych cz\u0119\u015b\u00adci zami\u00aden\u00adnych, co gwaran\u00adtu\u00adje d\u0142u\u00adgoter\u00admi\u00adnow\u0105 \u017cywot\u00adno\u015b\u0107 i bez\u00adpiecze\u0144st\u00adwo sys\u00adtem\u00f3w. Nasz lokalny odd\u00adzi\u00ada\u0142 w Warsza\u00adw\u00adie zapew\u00adnia b\u0142yskaw\u00adiczny ser\u00adwis na tere\u00adnie ca\u0142ego kra\u00adju i potwierdza wysok\u0105 dost\u0119p\u00adno\u015b\u0107 us\u0142ug EAPOL.<\/p>\n<\/div>\n<div class=\"eapol-text-toggle\" id=\"eapol-toggle-btn\">Poka\u017c wi\u0119cej<\/div>\n<\/div>\n<script>\ndocument.addEventListener('DOMContentLoaded',function(){const t=document.getElementById('eapol-toggle-btn'),c=document.getElementById('eapol-text-container');t&&c&&t.addEventListener('click',function(){c.classList.toggle('is-expanded');this.textContent=c.classList.contains('is-expanded')?'Poka\u017c mniej':'Poka\u017c wi\u0119cej'})});\n<\/script>\t\t\t\t<\/div>\n\t\t\t\t<\/div>\n\t\t\t\t\t<\/div>\n\t\t<\/div>\n\t\t\t\t\t<\/div>\n\t\t<\/section>\n\t\t\t\t<\/div>","protected":false},"excerpt":{"rendered":"<p>Co ofer\u00adu\u00adje\u00admy? Nasze us\u0142u\u00adgi dla prze\u00admys\u0142u Kom\u00adplek\u00adsowe wspar\u00adcie od CAD po ser\u00adwis i wyna\u00adjem Gen\u00ader\u00adalne wykon\u00adaw\u00adst\u00adwo insta\u00adlacji Sys\u00adte\u00admy automaty\u00adki prze\u00admys\u0142owej Pro\u00adjek\u00adtowanie CAD 2D\/3D dla prze\u00admys\u0142u Pre\u00adfab\u00adrykac\u00adja szaf\u00ads\u00adterown\u00adiczych Ser\u00adwis i wspar\u00adcie [\u2026]<\/p>","protected":false},"author":1,"featured_media":0,"parent":0,"menu_order":0,"comment_status":"closed","ping_status":"closed","template":"","meta":{"_acf_changed":false,"wp_typography_post_enhancements_disabled":false,"_themeisle_gutenberg_block_has_review":false,"footnotes":""},"class_list":["post-3124","page","type-page","status-publish","hentry"],"acf":[],"yoast_head":"<!-- This site is optimized with the Yoast SEO plugin v26.3 - https:\/\/yoast.com\/wordpress\/plugins\/seo\/ -->\n<title>Us\u0142ugi generalnego wykonawstwa, projektowanie CAD | EAPOL<\/title>\n<meta name=\"description\" content=\"Oferujemy us\u0142ugi generalnego wykonawstwa, projektowanie CAD, integracj\u0119 system\u00f3w automatyki przemys\u0142owej i prefabrykacj\u0119 szaf sterowniczych.\" \/>\n<meta name=\"robots\" content=\"index, follow, max-snippet:-1, max-image-preview:large, max-video-preview:-1\" \/>\n<link rel=\"canonical\" href=\"https:\/\/www.eapol.pl\/en\/uslugi\/\" \/>\n<meta property=\"og:locale\" content=\"en_GB\" \/>\n<meta property=\"og:type\" content=\"article\" \/>\n<meta property=\"og:title\" content=\"Us\u0142ugi generalnego wykonawstwa, projektowanie CAD | EAPOL\" \/>\n<meta property=\"og:description\" content=\"Oferujemy us\u0142ugi generalnego wykonawstwa, projektowanie CAD, integracj\u0119 system\u00f3w automatyki przemys\u0142owej i prefabrykacj\u0119 szaf sterowniczych.\" \/>\n<meta property=\"og:url\" content=\"https:\/\/www.eapol.pl\/en\/uslugi\/\" \/>\n<meta property=\"og:site_name\" content=\"EAPOL\" \/>\n<meta property=\"article:modified_time\" content=\"2025-06-23T12:11:09+00:00\" \/>\n<meta property=\"og:image\" content=\"https:\/\/www.eapol.pl\/wp-content\/uploads\/2023\/07\/IMG_20220918_111746091-scaled.jpg\" \/>\n<meta name=\"twitter:card\" content=\"summary_large_image\" \/>\n<meta name=\"twitter:label1\" content=\"Estimated reading time\" \/>\n\t<meta name=\"twitter:data1\" content=\"3 minutes\" \/>\n<script type=\"application\/ld+json\" class=\"yoast-schema-graph\">{\"@context\":\"https:\/\/schema.org\",\"@graph\":[{\"@type\":\"WebPage\",\"@id\":\"https:\/\/www.eapol.pl\/uslugi\/\",\"url\":\"https:\/\/www.eapol.pl\/uslugi\/\",\"name\":\"Us\u0142ugi generalnego wykonawstwa, projektowanie CAD | EAPOL\",\"isPartOf\":{\"@id\":\"https:\/\/www.eapol.pl\/#website\"},\"primaryImageOfPage\":{\"@id\":\"https:\/\/www.eapol.pl\/uslugi\/#primaryimage\"},\"image\":{\"@id\":\"https:\/\/www.eapol.pl\/uslugi\/#primaryimage\"},\"thumbnailUrl\":\"https:\/\/www.eapol.pl\/wp-content\/uploads\/2023\/07\/IMG_20220918_111746091-scaled.jpg\",\"datePublished\":\"2018-07-05T01:04:27+00:00\",\"dateModified\":\"2025-06-23T12:11:09+00:00\",\"description\":\"Oferujemy us\u0142ugi generalnego wykonawstwa, projektowanie CAD, integracj\u0119 system\u00f3w automatyki przemys\u0142owej i prefabrykacj\u0119 szaf sterowniczych.\",\"breadcrumb\":{\"@id\":\"https:\/\/www.eapol.pl\/uslugi\/#breadcrumb\"},\"inLanguage\":\"en-GB\",\"potentialAction\":[{\"@type\":\"ReadAction\",\"target\":[\"https:\/\/www.eapol.pl\/uslugi\/\"]}]},{\"@type\":\"ImageObject\",\"inLanguage\":\"en-GB\",\"@id\":\"https:\/\/www.eapol.pl\/uslugi\/#primaryimage\",\"url\":\"https:\/\/www.eapol.pl\/wp-content\/uploads\/2023\/07\/IMG_20220918_111746091-scaled.jpg\",\"contentUrl\":\"https:\/\/www.eapol.pl\/wp-content\/uploads\/2023\/07\/IMG_20220918_111746091-scaled.jpg\"},{\"@type\":\"BreadcrumbList\",\"@id\":\"https:\/\/www.eapol.pl\/uslugi\/#breadcrumb\",\"itemListElement\":[{\"@type\":\"ListItem\",\"position\":1,\"name\":\"Strona g\u0142\u00f3wna\",\"item\":\"https:\/\/www.eapol.pl\/\"},{\"@type\":\"ListItem\",\"position\":2,\"name\":\"Us\u0142ugi\"}]},{\"@type\":\"WebSite\",\"@id\":\"https:\/\/www.eapol.pl\/#website\",\"url\":\"https:\/\/www.eapol.pl\/\",\"name\":\"EAPOL\",\"description\":\"\",\"publisher\":{\"@id\":\"https:\/\/www.eapol.pl\/#organization\"},\"potentialAction\":[{\"@type\":\"SearchAction\",\"target\":{\"@type\":\"EntryPoint\",\"urlTemplate\":\"https:\/\/www.eapol.pl\/?s={search_term_string}\"},\"query-input\":{\"@type\":\"PropertyValueSpecification\",\"valueRequired\":true,\"valueName\":\"search_term_string\"}}],\"inLanguage\":\"en-GB\"},{\"@type\":\"Organization\",\"@id\":\"https:\/\/www.eapol.pl\/#organization\",\"name\":\"EAPOL\",\"url\":\"https:\/\/www.eapol.pl\/\",\"logo\":{\"@type\":\"ImageObject\",\"inLanguage\":\"en-GB\",\"@id\":\"https:\/\/www.eapol.pl\/#\/schema\/logo\/image\/\",\"url\":\"https:\/\/www.eapol.pl\/wp-content\/uploads\/2019\/05\/logo2-1.png\",\"contentUrl\":\"https:\/\/www.eapol.pl\/wp-content\/uploads\/2019\/05\/logo2-1.png\",\"width\":411,\"height\":207,\"caption\":\"EAPOL\"},\"image\":{\"@id\":\"https:\/\/www.eapol.pl\/#\/schema\/logo\/image\/\"}}]}<\/script>\n<!-- \/ Yoast SEO plugin. -->","yoast_head_json":{"title":"Us\u0142u\u00adgi gen\u00ader\u00adal\u00adnego wykon\u00adaw\u00adst\u00adwa, pro\u00adjek\u00adtowanie CAD | EAPOL","description":"Ofer\u00adu\u00adje\u00admy us\u0142u\u00adgi gen\u00ader\u00adal\u00adnego wykon\u00adaw\u00adst\u00adwa, pro\u00adjek\u00adtowanie CAD, inte\u00adgracj\u0119 sys\u00adtem\u00f3w automaty\u00adki prze\u00admys\u0142owej i pre\u00adfab\u00adrykacj\u0119 szaf sterown\u00adiczych.","robots":{"index":"index","follow":"follow","max-snippet":"max-snippet:-1","max-image-preview":"max-image-preview:large","max-video-preview":"max-video-preview:-1"},"canonical":"https:\/\/www.eapol.pl\/en\/uslugi\/","og_locale":"en_GB","og_type":"article","og_title":"Us\u0142ugi generalnego wykonawstwa, projektowanie CAD | EAPOL","og_description":"Oferujemy us\u0142ugi generalnego wykonawstwa, projektowanie CAD, integracj\u0119 system\u00f3w automatyki przemys\u0142owej i prefabrykacj\u0119 szaf sterowniczych.","og_url":"https:\/\/www.eapol.pl\/en\/uslugi\/","og_site_name":"EAPOL","article_modified_time":"2025-06-23T12:11:09+00:00","og_image":[{"url":"https:\/\/www.eapol.pl\/wp-content\/uploads\/2023\/07\/IMG_20220918_111746091-scaled.jpg","type":"","width":"","height":""}],"twitter_card":"summary_large_image","twitter_misc":{"Estimated reading time":"3 minutes"},"schema":{"@context":"https:\/\/schema.org","@graph":[{"@type":"WebPage","@id":"https:\/\/www.eapol.pl\/uslugi\/","url":"https:\/\/www.eapol.pl\/uslugi\/","name":"Us\u0142u\u00adgi gen\u00ader\u00adal\u00adnego wykon\u00adaw\u00adst\u00adwa, pro\u00adjek\u00adtowanie CAD | EAPOL","isPartOf":{"@id":"https:\/\/www.eapol.pl\/#website"},"primaryImageOfPage":{"@id":"https:\/\/www.eapol.pl\/uslugi\/#primaryimage"},"image":{"@id":"https:\/\/www.eapol.pl\/uslugi\/#primaryimage"},"thumbnailUrl":"https:\/\/www.eapol.pl\/wp-content\/uploads\/2023\/07\/IMG_20220918_111746091-scaled.jpg","datePublished":"2018-07-05T01:04:27+00:00","dateModified":"2025-06-23T12:11:09+00:00","description":"Ofer\u00adu\u00adje\u00admy us\u0142u\u00adgi gen\u00ader\u00adal\u00adnego wykon\u00adaw\u00adst\u00adwa, pro\u00adjek\u00adtowanie CAD, inte\u00adgracj\u0119 sys\u00adtem\u00f3w automaty\u00adki prze\u00admys\u0142owej i pre\u00adfab\u00adrykacj\u0119 szaf sterown\u00adiczych.","breadcrumb":{"@id":"https:\/\/www.eapol.pl\/uslugi\/#breadcrumb"},"inLanguage":"en-GB","potentialAction":[{"@type":"ReadAction","target":["https:\/\/www.eapol.pl\/uslugi\/"]}]},{"@type":"ImageObject","inLanguage":"en-GB","@id":"https:\/\/www.eapol.pl\/uslugi\/#primaryimage","url":"https:\/\/www.eapol.pl\/wp-content\/uploads\/2023\/07\/IMG_20220918_111746091-scaled.jpg","contentUrl":"https:\/\/www.eapol.pl\/wp-content\/uploads\/2023\/07\/IMG_20220918_111746091-scaled.jpg"},{"@type":"BreadcrumbList","@id":"https:\/\/www.eapol.pl\/uslugi\/#breadcrumb","itemListElement":[{"@type":"ListItem","position":1,"name":"Strona g\u0142\u00f3wna","item":"https:\/\/www.eapol.pl\/"},{"@type":"ListItem","position":2,"name":"Us\u0142ugi"}]},{"@type":"WebSite","@id":"https:\/\/www.eapol.pl\/#website","url":"https:\/\/www.eapol.pl\/","name":"EAPOL","description":"","publisher":{"@id":"https:\/\/www.eapol.pl\/#organization"},"potentialAction":[{"@type":"SearchAction","target":{"@type":"EntryPoint","urlTemplate":"https:\/\/www.eapol.pl\/?s={search_term_string}"},"query-input":{"@type":"PropertyValueSpecification","valueRequired":true,"valueName":"search_term_string"}}],"inLanguage":"en-GB"},{"@type":"Organization","@id":"https:\/\/www.eapol.pl\/#organization","name":"EAPOL","url":"https:\/\/www.eapol.pl\/","logo":{"@type":"ImageObject","inLanguage":"en-GB","@id":"https:\/\/www.eapol.pl\/#\/schema\/logo\/image\/","url":"https:\/\/www.eapol.pl\/wp-content\/uploads\/2019\/05\/logo2-1.png","contentUrl":"https:\/\/www.eapol.pl\/wp-content\/uploads\/2019\/05\/logo2-1.png","width":411,"height":207,"caption":"EAPOL"},"image":{"@id":"https:\/\/www.eapol.pl\/#\/schema\/logo\/image\/"}}]}},"_links":{"self":[{"href":"https:\/\/www.eapol.pl\/en\/wp-json\/wp\/v2\/pages\/3124","targetHints":{"allow":["GET"]}}],"collection":[{"href":"https:\/\/www.eapol.pl\/en\/wp-json\/wp\/v2\/pages"}],"about":[{"href":"https:\/\/www.eapol.pl\/en\/wp-json\/wp\/v2\/types\/page"}],"author":[{"embeddable":true,"href":"https:\/\/www.eapol.pl\/en\/wp-json\/wp\/v2\/users\/1"}],"replies":[{"embeddable":true,"href":"https:\/\/www.eapol.pl\/en\/wp-json\/wp\/v2\/comments?post=3124"}],"version-history":[{"count":36,"href":"https:\/\/www.eapol.pl\/en\/wp-json\/wp\/v2\/pages\/3124\/revisions"}],"predecessor-version":[{"id":16472,"href":"https:\/\/www.eapol.pl\/en\/wp-json\/wp\/v2\/pages\/3124\/revisions\/16472"}],"wp:attachment":[{"href":"https:\/\/www.eapol.pl\/en\/wp-json\/wp\/v2\/media?parent=3124"}],"curies":[{"name":"wp","href":"https:\/\/api.w.org\/{rel}","templated":true}]}}