{"id":610,"date":"2016-03-07T03:10:46","date_gmt":"2016-03-07T03:10:46","guid":{"rendered":"https:\/\/www.gavias-theme.com\/wp\/inusti\/?page_id=610"},"modified":"2025-03-27T13:28:16","modified_gmt":"2025-03-27T12:28:16","slug":"kontakt","status":"publish","type":"page","link":"https:\/\/www.eapol.pl\/en\/kontakt\/","title":{"rendered":"Con\u00adtact"},"content":{"rendered":"<div data-elementor-type=\"wp-post\" data-elementor-id=\"610\" class=\"elementor elementor-610\">\n\t\t\t\t\t\t<section class=\"elementor-section elementor-top-section elementor-element elementor-element-d121267 elementor-section-boxed elementor-section-height-default elementor-section-height-default\" data-id=\"d121267\" data-element_type=\"section\" data-settings=\"{&quot;background_background&quot;:&quot;classic&quot;}\">\n\t\t\t\t\t\t<div class=\"elementor-container elementor-column-gap-default\">\n\t\t\t\t\t<div class=\"elementor-column elementor-col-33 elementor-top-column elementor-element elementor-element-c6ed860 top column-style-top\" data-id=\"c6ed860\" data-element_type=\"column\">\n\t\t\t<div class=\"elementor-widget-wrap elementor-element-populated\">\n\t\t\t\t\t\t<div class=\"elementor-element elementor-element-d53b107 elementor-widget-tablet__width-auto elementor-widget-mobile__width-inherit elementor-widget elementor-widget-gva-icon-box-styles\" data-id=\"d53b107\" data-element_type=\"widget\" data-widget_type=\"gva-icon-box-styles.default\">\n\t\t\t\t<div class=\"elementor-widget-container\">\n\t\t\t\t\t<div class=\"gva-element-gva-icon-box-styles gva-element\">\n   \n\n         <div class=\"widget gsc-icon-box-styles style-2\">\n                     <div class=\"icon-inner\">\n                                                      <span class=\"box-icon\">\n                        <i aria-hidden=\"true\" class=\"far fa-envelope\"><\/i>                     <\/span>\n                                             <\/div>\n         \n                     <h3 class=\"title\">\n                                 E\u2011mail                     \n            <\/h3>\n                  <div class=\"content-inner\">\n                           <div class=\"desc\">biuro@eapol.pl<\/div>\n                     <\/div>\n      <\/div> \n      \n\n\n<\/div>\t\t\t\t<\/div>\n\t\t\t\t<\/div>\n\t\t\t\t\t<\/div>\n\t\t<\/div>\n\t\t\t\t<div class=\"elementor-column elementor-col-33 elementor-top-column elementor-element elementor-element-dc8a102 top column-style-top\" data-id=\"dc8a102\" data-element_type=\"column\">\n\t\t\t<div class=\"elementor-widget-wrap elementor-element-populated\">\n\t\t\t\t\t\t<div class=\"elementor-element elementor-element-3dea1e8 elementor-widget-mobile__width-inherit elementor-widget elementor-widget-gva-icon-box-styles\" data-id=\"3dea1e8\" data-element_type=\"widget\" data-widget_type=\"gva-icon-box-styles.default\">\n\t\t\t\t<div class=\"elementor-widget-container\">\n\t\t\t\t\t<div class=\"gva-element-gva-icon-box-styles gva-element\">\n   \n\n         <div class=\"widget gsc-icon-box-styles style-2\">\n                     <div class=\"icon-inner\">\n                                                      <span class=\"box-icon\">\n                        <i aria-hidden=\"true\" class=\"fi flaticon-phone-call\"><\/i>                     <\/span>\n                                             <\/div>\n         \n                     <h3 class=\"title\">\n                                 Phone                     \n            <\/h3>\n                  <div class=\"content-inner\">\n                           <div class=\"desc\">+48 732 033 873<\/div>\n                     <\/div>\n      <\/div> \n      \n\n\n<\/div>\t\t\t\t<\/div>\n\t\t\t\t<\/div>\n\t\t\t\t\t<\/div>\n\t\t<\/div>\n\t\t\t\t<div class=\"elementor-column elementor-col-33 elementor-top-column elementor-element elementor-element-1c55a8b top column-style-top\" data-id=\"1c55a8b\" data-element_type=\"column\">\n\t\t\t<div class=\"elementor-widget-wrap elementor-element-populated\">\n\t\t\t\t\t\t<div class=\"elementor-element elementor-element-0f501c4 elementor-widget-tablet__width-auto elementor-widget-mobile__width-inherit elementor-widget__width-initial elementor-widget elementor-widget-gva-icon-box-styles\" data-id=\"0f501c4\" data-element_type=\"widget\" data-widget_type=\"gva-icon-box-styles.default\">\n\t\t\t\t<div class=\"elementor-widget-container\">\n\t\t\t\t\t<div class=\"gva-element-gva-icon-box-styles gva-element\">\n   \n\n         <div class=\"widget gsc-icon-box-styles style-2\">\n                     <div class=\"icon-inner\">\n                                                      <span class=\"box-icon\">\n                        <i aria-hidden=\"true\" class=\"fas fa-map-marker-alt\"><\/i>                     <\/span>\n                                             <\/div>\n         \n                     <h3 class=\"title\">\n                                 Address                     \n            <\/h3>\n                  <div class=\"content-inner\">\n                           <div class=\"desc\">Adama Mick\u00adiewicza 37\/58, Warsza\u00adwa\n<\/div>\n                     <\/div>\n      <\/div> \n      \n\n\n<\/div>\t\t\t\t<\/div>\n\t\t\t\t<\/div>\n\t\t\t\t\t<\/div>\n\t\t<\/div>\n\t\t\t\t\t<\/div>\n\t\t<\/section>\n\t\t\t\t<section class=\"elementor-section elementor-top-section elementor-element elementor-element-0baf9bc elementor-section-boxed elementor-section-height-default elementor-section-height-default\" data-id=\"0baf9bc\" data-element_type=\"section\">\n\t\t\t\t\t\t<div class=\"elementor-container elementor-column-gap-default\">\n\t\t\t\t\t<div class=\"elementor-column elementor-col-50 elementor-top-column elementor-element elementor-element-933d560 top column-style-top\" data-id=\"933d560\" data-element_type=\"column\">\n\t\t\t<div class=\"elementor-widget-wrap elementor-element-populated\">\n\t\t\t\t\t\t<div class=\"elementor-element elementor-element-6e2599a elementor-widget elementor-widget-gva-heading-block\" data-id=\"6e2599a\" data-element_type=\"widget\" data-widget_type=\"gva-heading-block.default\">\n\t\t\t\t<div class=\"elementor-widget-container\">\n\t\t\t\t\t<div class=\"gva-element-gva-heading-block gva-element\">   <div class=\"align-left style-1 widget gsc-heading box-align-left\">\n      <div class=\"content-inner\">\n         \n                  \n                     <div class=\"clearfix\"><div class=\"sub-title\"><span>Con\u00adtact us<\/span><\/div><\/div>\n           \n         \n                     <h3 class=\"title\">\n               <span>Contact<br>form<\/span>\n            <\/h3>\n                              <div class=\"title-desc\">Con\u00adtact us, share your expec\u00adta\u00adtions, <br>and we will strive to ful\u00adfill them thought\u00adful\u00adly and pro\u00adfes\u00adsion\u00adal\u00adly.<br><br><b>Com\u00adpa\u00adny Infor\u00adma\u00adtion:<\/b><br>EAPOL Sp. z o.o.<br>ul. Adama Mick\u00adiewicza 37\/58<br>01\u2013625 Warsza\u00adwa<br>NIP: 5252943637<br>KRS: 0001019575<br>REGON: 524465621<br>\n<b>Pro\u00addukc\u00adja:<\/b><br>\nEAPOL Sp. z o.o. <br>\nul. W\u00f3l\u00adczy\u0144s\u00adka 133 bud. 7 pom. 23<br>\n01\u2013919 Warsza\u00adwa<br><\/div>\n         \n         \n      <\/div>\n   <\/div>\n   <div class=\"clearfix\"><\/div>\n<\/div>\t\t\t\t<\/div>\n\t\t\t\t<\/div>\n\t\t\t\t\t<\/div>\n\t\t<\/div>\n\t\t\t\t<div class=\"elementor-column elementor-col-50 elementor-top-column elementor-element elementor-element-a46074e top column-style-top\" data-id=\"a46074e\" data-element_type=\"column\">\n\t\t\t<div class=\"elementor-widget-wrap elementor-element-populated\">\n\t\t\t\t\t\t<div class=\"elementor-element elementor-element-e999300 width-800 elementor-widget elementor-widget-shortcode\" data-id=\"e999300\" data-element_type=\"widget\" data-widget_type=\"shortcode.default\">\n\t\t\t\t<div class=\"elementor-widget-container\">\n\t\t\t\t\t\t\t<div class=\"elementor-shortcode\">\n<div class=\"wpcf7 no-js\" id=\"wpcf7-f236-o1\" lang=\"en-US\" dir=\"ltr\" data-wpcf7-id=\"236\">\n<div class=\"screen-reader-response\"><p role=\"status\" aria-live=\"polite\" aria-atomic=\"true\"><\/p> <ul><\/ul><\/div>\n<form action=\"\/en\/wp-json\/wp\/v2\/pages\/610#wpcf7-f236-o1\" method=\"post\" class=\"wpcf7-form init\" aria-label=\"Contact form\" novalidate=\"novalidate\" data-status=\"init\" data-trp-original-action=\"\/en\/wp-json\/wp\/v2\/pages\/610#wpcf7-f236-o1\">\n<fieldset class=\"hidden-fields-container\"><input type=\"hidden\" name=\"_wpcf7\" value=\"236\"><input type=\"hidden\" name=\"_wpcf7_version\" value=\"6.1.3\"><input type=\"hidden\" name=\"_wpcf7_locale\" value=\"en_US\"><input type=\"hidden\" name=\"_wpcf7_unit_tag\" value=\"wpcf7-f236-o1\"><input type=\"hidden\" name=\"_wpcf7_container_post\" value=\"0\"><input type=\"hidden\" name=\"_wpcf7_posted_data_hash\" value>\n<\/fieldset>\n<div class=\"row\">\n   <div class=\"col-sm-6 col-xs-12\"><span class=\"wpcf7-form-control-wrap\" data-name=\"your-name\"><input size=\"40\" maxlength=\"400\" class=\"wpcf7-form-control wpcf7-text wpcf7-validates-as-required\" aria-required=\"true\" aria-invalid=\"false\" placeholder=\"Name *\" value type=\"text\" name=\"your-name\"><\/span> <\/div>\n   <div class=\"col-sm-6 col-xs-12\"><span class=\"wpcf7-form-control-wrap\" data-name=\"your-email\"><input size=\"40\" maxlength=\"400\" class=\"wpcf7-form-control wpcf7-email wpcf7-validates-as-required wpcf7-text wpcf7-validates-as-email\" aria-required=\"true\" aria-invalid=\"false\" placeholder=\"Email *\" value type=\"email\" name=\"your-email\"><\/span> <\/div>\n<\/div>\n<div class=\"row\">\n   <div class=\"col-sm-6 col-xs-12\"><span class=\"wpcf7-form-control-wrap\" data-name=\"your-subject\"><input size=\"40\" maxlength=\"400\" class=\"wpcf7-form-control wpcf7-text\" aria-invalid=\"false\" placeholder=\"Phone\" value type=\"text\" name=\"your-subject\"><\/span> <\/div>\n   <div class=\"col-sm-6 col-xs-12\"><span class=\"wpcf7-form-control-wrap\" data-name=\"your-subject\"><input size=\"40\" maxlength=\"400\" class=\"wpcf7-form-control wpcf7-text\" aria-invalid=\"false\" placeholder=\"Subject\" value type=\"text\" name=\"your-subject\"><\/span> <\/div>\n<\/div>\n<div class=\"row\">\n   <div class=\"col-sm-12 col-xs-12\"><span class=\"wpcf7-form-control-wrap\" data-name=\"your-message\"><textarea cols=\"40\" rows=\"10\" maxlength=\"2000\" class=\"wpcf7-form-control wpcf7-textarea\" aria-invalid=\"false\" placeholder=\"Message\" name=\"your-message\"><\/textarea><\/span> <\/div>\n   <div class=\"col-sm-12 col-xs-12 action text-left\"><span class=\"btn-theme form-action\"><input class=\"wpcf7-form-control wpcf7-submit has-spinner\" type=\"submit\" value=\"Send\"><\/span><\/div>\n<\/div><div class=\"wpcf7-response-output\" aria-hidden=\"true\"><\/div>\n<input type=\"hidden\" name=\"trp-form-language\" value=\"en\"><\/form>\n<\/div>\n<\/div>\n\t\t\t\t\t\t<\/div>\n\t\t\t\t<\/div>\n\t\t\t\t\t<\/div>\n\t\t<\/div>\n\t\t\t\t\t<\/div>\n\t\t<\/section>\n\t\t\t\t<section class=\"elementor-section elementor-top-section elementor-element elementor-element-ea244e9 elementor-section-boxed elementor-section-height-default elementor-section-height-default\" data-id=\"ea244e9\" data-element_type=\"section\">\n\t\t\t\t\t\t<div class=\"elementor-container elementor-column-gap-default\">\n\t\t\t\t\t<div class=\"elementor-column elementor-col-100 elementor-top-column elementor-element elementor-element-1332423 top column-style-top\" data-id=\"1332423\" data-element_type=\"column\">\n\t\t\t<div class=\"elementor-widget-wrap elementor-element-populated\">\n\t\t\t\t\t\t<div class=\"elementor-element elementor-element-fa17564 elementor-widget elementor-widget-google_maps\" data-id=\"fa17564\" data-element_type=\"widget\" data-widget_type=\"google_maps.default\">\n\t\t\t\t<div class=\"elementor-widget-container\">\n\t\t\t\t\t\t\t<div class=\"elementor-custom-embed\">\n\t\t\t<iframe loading=\"lazy\" src=\"https:\/\/maps.google.com\/maps?q=Adama%20Mickiewicza%2037%2F58%2C%20Warszawa&amp;t=m&amp;z=11&amp;output=embed&amp;iwloc=near\" title=\"Adama Mickiewicza 37\/58, Warszawa\" aria-label=\"Adama Mickiewicza 37\/58, Warszawa\"><\/iframe>\n\t\t<\/div>\n\t\t\t\t\t\t<\/div>\n\t\t\t\t<\/div>\n\t\t\t\t\t<\/div>\n\t\t<\/div>\n\t\t\t\t\t<\/div>\n\t\t<\/section>\n\t\t\t\t<\/div>","protected":false},"excerpt":{"rendered":"<p>E\u2011mail biuro@eapol.pl Tele\u00adfon +48 732 033 873 Adres Adama Mick\u00adiewicza 37\/58, Warsza\u00adwa Skon\u00adtak\u00adtuj si\u0119 z nami For\u00admu\u00adla\u00adrzkon\u00adtak\u00adtowy Skon\u00adtak\u00adtuj si\u0119 z nami, przed\u00adstaw nam swo\u00adje oczeki\u00adwa\u00adnia, a my postaramy si\u0119 je [\u2026]<\/p>","protected":false},"author":1,"featured_media":0,"parent":0,"menu_order":0,"comment_status":"closed","ping_status":"closed","template":"","meta":{"_acf_changed":false,"wp_typography_post_enhancements_disabled":false,"_themeisle_gutenberg_block_has_review":false,"footnotes":""},"class_list":["post-610","page","type-page","status-publish","hentry"],"acf":[],"yoast_head":"<!-- This site is optimized with the Yoast SEO plugin v26.3 - https:\/\/yoast.com\/wordpress\/plugins\/seo\/ -->\n<title>Kontakt z Eapol<\/title>\n<meta name=\"description\" content=\"Skontaktuj si\u0119 z Eapol Warszawa. Profesjonalne wsparcie w automatyce przemys\u0142owej. Napisz lub zadzwo\u0144 do nas.\" \/>\n<meta name=\"robots\" content=\"index, follow, max-snippet:-1, max-image-preview:large, max-video-preview:-1\" \/>\n<link rel=\"canonical\" href=\"https:\/\/www.eapol.pl\/en\/kontakt\/\" \/>\n<meta property=\"og:locale\" content=\"en_GB\" \/>\n<meta property=\"og:type\" content=\"article\" \/>\n<meta property=\"og:title\" content=\"Kontakt z Eapol\" \/>\n<meta property=\"og:description\" content=\"Skontaktuj si\u0119 z Eapol Warszawa. Profesjonalne wsparcie w automatyce przemys\u0142owej. Napisz lub zadzwo\u0144 do nas.\" \/>\n<meta property=\"og:url\" content=\"https:\/\/www.eapol.pl\/en\/kontakt\/\" \/>\n<meta property=\"og:site_name\" content=\"EAPOL\" \/>\n<meta property=\"article:modified_time\" content=\"2025-03-27T12:28:16+00:00\" \/>\n<meta name=\"twitter:card\" content=\"summary_large_image\" \/>\n<meta name=\"twitter:label1\" content=\"Estimated reading time\" \/>\n\t<meta name=\"twitter:data1\" content=\"1 minute\" \/>\n<script type=\"application\/ld+json\" class=\"yoast-schema-graph\">{\"@context\":\"https:\/\/schema.org\",\"@graph\":[{\"@type\":\"WebPage\",\"@id\":\"https:\/\/www.eapol.pl\/kontakt\/\",\"url\":\"https:\/\/www.eapol.pl\/kontakt\/\",\"name\":\"Kontakt z Eapol\",\"isPartOf\":{\"@id\":\"https:\/\/www.eapol.pl\/#website\"},\"datePublished\":\"2016-03-07T03:10:46+00:00\",\"dateModified\":\"2025-03-27T12:28:16+00:00\",\"description\":\"Skontaktuj si\u0119 z Eapol Warszawa. Profesjonalne wsparcie w automatyce przemys\u0142owej. Napisz lub zadzwo\u0144 do nas.\",\"breadcrumb\":{\"@id\":\"https:\/\/www.eapol.pl\/kontakt\/#breadcrumb\"},\"inLanguage\":\"en-GB\",\"potentialAction\":[{\"@type\":\"ReadAction\",\"target\":[\"https:\/\/www.eapol.pl\/kontakt\/\"]}]},{\"@type\":\"BreadcrumbList\",\"@id\":\"https:\/\/www.eapol.pl\/kontakt\/#breadcrumb\",\"itemListElement\":[{\"@type\":\"ListItem\",\"position\":1,\"name\":\"Strona g\u0142\u00f3wna\",\"item\":\"https:\/\/www.eapol.pl\/\"},{\"@type\":\"ListItem\",\"position\":2,\"name\":\"Kontakt\"}]},{\"@type\":\"WebSite\",\"@id\":\"https:\/\/www.eapol.pl\/#website\",\"url\":\"https:\/\/www.eapol.pl\/\",\"name\":\"EAPOL\",\"description\":\"\",\"publisher\":{\"@id\":\"https:\/\/www.eapol.pl\/#organization\"},\"potentialAction\":[{\"@type\":\"SearchAction\",\"target\":{\"@type\":\"EntryPoint\",\"urlTemplate\":\"https:\/\/www.eapol.pl\/?s={search_term_string}\"},\"query-input\":{\"@type\":\"PropertyValueSpecification\",\"valueRequired\":true,\"valueName\":\"search_term_string\"}}],\"inLanguage\":\"en-GB\"},{\"@type\":\"Organization\",\"@id\":\"https:\/\/www.eapol.pl\/#organization\",\"name\":\"EAPOL\",\"url\":\"https:\/\/www.eapol.pl\/\",\"logo\":{\"@type\":\"ImageObject\",\"inLanguage\":\"en-GB\",\"@id\":\"https:\/\/www.eapol.pl\/#\/schema\/logo\/image\/\",\"url\":\"https:\/\/www.eapol.pl\/wp-content\/uploads\/2019\/05\/logo2-1.png\",\"contentUrl\":\"https:\/\/www.eapol.pl\/wp-content\/uploads\/2019\/05\/logo2-1.png\",\"width\":411,\"height\":207,\"caption\":\"EAPOL\"},\"image\":{\"@id\":\"https:\/\/www.eapol.pl\/#\/schema\/logo\/image\/\"}}]}<\/script>\n<!-- \/ Yoast SEO plugin. -->","yoast_head_json":{"title":"Kon\u00adtakt z Eapol","description":"Skon\u00adtak\u00adtuj si\u0119 z Eapol Warsza\u00adwa. Pro\u00adfesjon\u00adalne wspar\u00adcie w automatyce prze\u00admys\u0142owej. Napisz lub zadz\u00adwo\u0144 do nas.","robots":{"index":"index","follow":"follow","max-snippet":"max-snippet:-1","max-image-preview":"max-image-preview:large","max-video-preview":"max-video-preview:-1"},"canonical":"https:\/\/www.eapol.pl\/en\/kontakt\/","og_locale":"en_GB","og_type":"article","og_title":"Kontakt z Eapol","og_description":"Skontaktuj si\u0119 z Eapol Warszawa. Profesjonalne wsparcie w automatyce przemys\u0142owej. Napisz lub zadzwo\u0144 do nas.","og_url":"https:\/\/www.eapol.pl\/en\/kontakt\/","og_site_name":"EAPOL","article_modified_time":"2025-03-27T12:28:16+00:00","twitter_card":"summary_large_image","twitter_misc":{"Estimated reading time":"1 minute"},"schema":{"@context":"https:\/\/schema.org","@graph":[{"@type":"WebPage","@id":"https:\/\/www.eapol.pl\/kontakt\/","url":"https:\/\/www.eapol.pl\/kontakt\/","name":"Kon\u00adtakt z Eapol","isPartOf":{"@id":"https:\/\/www.eapol.pl\/#website"},"datePublished":"2016-03-07T03:10:46+00:00","dateModified":"2025-03-27T12:28:16+00:00","description":"Skon\u00adtak\u00adtuj si\u0119 z Eapol Warsza\u00adwa. Pro\u00adfesjon\u00adalne wspar\u00adcie w automatyce prze\u00admys\u0142owej. Napisz lub zadz\u00adwo\u0144 do nas.","breadcrumb":{"@id":"https:\/\/www.eapol.pl\/kontakt\/#breadcrumb"},"inLanguage":"en-GB","potentialAction":[{"@type":"ReadAction","target":["https:\/\/www.eapol.pl\/kontakt\/"]}]},{"@type":"BreadcrumbList","@id":"https:\/\/www.eapol.pl\/kontakt\/#breadcrumb","itemListElement":[{"@type":"ListItem","position":1,"name":"Strona g\u0142\u00f3wna","item":"https:\/\/www.eapol.pl\/"},{"@type":"ListItem","position":2,"name":"Kontakt"}]},{"@type":"WebSite","@id":"https:\/\/www.eapol.pl\/#website","url":"https:\/\/www.eapol.pl\/","name":"EAPOL","description":"","publisher":{"@id":"https:\/\/www.eapol.pl\/#organization"},"potentialAction":[{"@type":"SearchAction","target":{"@type":"EntryPoint","urlTemplate":"https:\/\/www.eapol.pl\/?s={search_term_string}"},"query-input":{"@type":"PropertyValueSpecification","valueRequired":true,"valueName":"search_term_string"}}],"inLanguage":"en-GB"},{"@type":"Organization","@id":"https:\/\/www.eapol.pl\/#organization","name":"EAPOL","url":"https:\/\/www.eapol.pl\/","logo":{"@type":"ImageObject","inLanguage":"en-GB","@id":"https:\/\/www.eapol.pl\/#\/schema\/logo\/image\/","url":"https:\/\/www.eapol.pl\/wp-content\/uploads\/2019\/05\/logo2-1.png","contentUrl":"https:\/\/www.eapol.pl\/wp-content\/uploads\/2019\/05\/logo2-1.png","width":411,"height":207,"caption":"EAPOL"},"image":{"@id":"https:\/\/www.eapol.pl\/#\/schema\/logo\/image\/"}}]}},"_links":{"self":[{"href":"https:\/\/www.eapol.pl\/en\/wp-json\/wp\/v2\/pages\/610","targetHints":{"allow":["GET"]}}],"collection":[{"href":"https:\/\/www.eapol.pl\/en\/wp-json\/wp\/v2\/pages"}],"about":[{"href":"https:\/\/www.eapol.pl\/en\/wp-json\/wp\/v2\/types\/page"}],"author":[{"embeddable":true,"href":"https:\/\/www.eapol.pl\/en\/wp-json\/wp\/v2\/users\/1"}],"replies":[{"embeddable":true,"href":"https:\/\/www.eapol.pl\/en\/wp-json\/wp\/v2\/comments?post=610"}],"version-history":[{"count":4,"href":"https:\/\/www.eapol.pl\/en\/wp-json\/wp\/v2\/pages\/610\/revisions"}],"predecessor-version":[{"id":16305,"href":"https:\/\/www.eapol.pl\/en\/wp-json\/wp\/v2\/pages\/610\/revisions\/16305"}],"wp:attachment":[{"href":"https:\/\/www.eapol.pl\/en\/wp-json\/wp\/v2\/media?parent=610"}],"curies":[{"name":"wp","href":"https:\/\/api.w.org\/{rel}","templated":true}]}}