{"id":7968,"date":"2020-04-11T08:36:29","date_gmt":"2020-04-11T08:36:29","guid":{"rendered":"https:\/\/www.gavias-theme.com\/wp\/inusti\/?page_id=7968"},"modified":"2025-11-18T10:06:19","modified_gmt":"2025-11-18T09:06:19","slug":"blog_backup","status":"publish","type":"page","link":"https:\/\/www.eapol.pl\/en\/blog_backup\/","title":{"rendered":"Blog (back\u00adup)"},"content":{"rendered":"<div data-elementor-type=\"wp-page\" data-elementor-id=\"7968\" class=\"elementor elementor-7968\">\n\t\t\t\t\t\t<section class=\"elementor-section elementor-top-section elementor-element elementor-element-adc65de elementor-section-boxed elementor-section-height-default elementor-section-height-default\" data-id=\"adc65de\" data-element_type=\"section\">\n\t\t\t\t\t\t<div class=\"elementor-container elementor-column-gap-default\">\n\t\t\t\t\t<div class=\"elementor-column elementor-col-100 elementor-top-column elementor-element elementor-element-474e27b top column-style-top\" data-id=\"474e27b\" data-element_type=\"column\">\n\t\t\t<div class=\"elementor-widget-wrap elementor-element-populated\">\n\t\t\t\t\t\t<div class=\"elementor-element elementor-element-a83bab2 elementor-widget elementor-widget-gva-posts\" data-id=\"a83bab2\" data-element_type=\"widget\" data-widget_type=\"gva-posts.default\">\n\t\t\t\t<div class=\"elementor-widget-container\">\n\t\t\t\t\t<div class=\"gva-element-gva-posts gva-element\">  \n  <div class=\"gva-posts-grid clearfix gva-posts\">\n      <div class=\"gva-content-items\"> \n        <div class=\"lg-block-grid-3 md-block-grid-3 sm-block-grid-2 xs-block-grid-2 xx-block-grid-1\">\n          \n<div class=\"all case-studies  item-columns\">\n   <article id=\"post-16598\" class=\"post-16598 post type-post status-publish format-standard has-post-thumbnail hentry category-case-studies\">\n      <div class=\"post-block post-style-1\">\n         <div class=\"post-thumbnail\">\n            <a href=\"https:\/\/www.eapol.pl\/en\/z-godzin-do-minut-jak-eapol-zredukowal-wizyty-serwisowe-o-90-i-zapewnil-klientom-pelna-stabilnosc-procesow-dzieki-ixon-cloud\/\">\n               <img fetchpriority=\"high\" decoding=\"async\" width=\"600\" height=\"455\" src=\"https:\/\/www.eapol.pl\/wp-content\/uploads\/2026\/03\/IMG_0964-600x455.jpeg\" class=\"attachment-post-thumbnail size-post-thumbnail wp-post-image\" alt=\"Z godzin do minut: Jak EAPOL zredukowa\u0142 wizyty serwisowe o 90% i zapewni\u0142 klientom pe\u0142n\u0105 stabilno\u015b\u0107 proces\u00f3w dzi\u0119ki IXON Cloud\" srcset=\"https:\/\/www.eapol.pl\/wp-content\/uploads\/2026\/03\/IMG_0964-600x455.jpeg 600w, https:\/\/www.eapol.pl\/wp-content\/uploads\/2026\/03\/IMG_0964-16x12.jpeg 16w\" sizes=\"(max-width: 600px) 100vw, 600px\">            <\/a>   \n                           <div class=\"entry-date\">2026-03-12<\/div>\n                     <\/div>   \n\n         <div class=\"entry-content\">\n            <div class=\"content-inner\">\n               <div class=\"entry-meta\">\n                  <div class=\"meta-inline\"><span class=\"author vcard\"><i class=\"far fa-user-circle\"><\/i>by&nbsp;eapol<\/span><\/div>                  \n               <\/div> \n               <h2 class=\"entry-title\"><a href=\"https:\/\/www.eapol.pl\/en\/z-godzin-do-minut-jak-eapol-zredukowal-wizyty-serwisowe-o-90-i-zapewnil-klientom-pelna-stabilnosc-procesow-dzieki-ixon-cloud\/\" rel=\"bookmark\">From Hours to Minutes: How EAPOL Reduced Service Calls by 90% and Ensured Full Process Stability for Customers with IXON Cloud<\/a><\/h2>\n               <div class=\"read-more\">\n                  <a class=\"btn-inline\" href=\"https:\/\/www.eapol.pl\/en\/z-godzin-do-minut-jak-eapol-zredukowal-wizyty-serwisowe-o-90-i-zapewnil-klientom-pelna-stabilnosc-procesow-dzieki-ixon-cloud\/\">Read more<\/a>\n               <\/div>\n            <\/div>\n         <\/div>\n      <\/div>   \n   <\/article>   \n<\/div>\n\n  \n<div class=\"all aktualnosci  item-columns\">\n   <article id=\"post-16543\" class=\"post-16543 post type-post status-publish format-standard has-post-thumbnail hentry category-aktualnosci\">\n      <div class=\"post-block post-style-1\">\n         <div class=\"post-thumbnail\">\n            <a href=\"https:\/\/www.eapol.pl\/en\/eapol-na-targach-food-tech-2025-w-warszawie\/\">\n               <img decoding=\"async\" width=\"600\" height=\"455\" src=\"https:\/\/www.eapol.pl\/wp-content\/uploads\/2024\/11\/IMG-20230908-WA0014-600x455.jpg\" class=\"attachment-post-thumbnail size-post-thumbnail wp-post-image\" alt=\"EAPOL na targach Food Tech 2025 w Warszawie\" srcset=\"https:\/\/www.eapol.pl\/wp-content\/uploads\/2024\/11\/IMG-20230908-WA0014-600x455.jpg 600w, https:\/\/www.eapol.pl\/wp-content\/uploads\/2024\/11\/IMG-20230908-WA0014-15x12.jpg 15w\" sizes=\"(max-width: 600px) 100vw, 600px\">            <\/a>   \n                           <div class=\"entry-date\">2025-11-13<\/div>\n                     <\/div>   \n\n         <div class=\"entry-content\">\n            <div class=\"content-inner\">\n               <div class=\"entry-meta\">\n                  <div class=\"meta-inline\"><span class=\"author vcard\"><i class=\"far fa-user-circle\"><\/i>by&nbsp;eapol<\/span><\/div>                  \n               <\/div> \n               <h2 class=\"entry-title\"><a href=\"https:\/\/www.eapol.pl\/en\/eapol-na-targach-food-tech-2025-w-warszawie\/\" rel=\"bookmark\">EAPOL at the Food Tech 2025 trade fair in Warsaw<\/a><\/h2>\n               <div class=\"read-more\">\n                  <a class=\"btn-inline\" href=\"https:\/\/www.eapol.pl\/en\/eapol-na-targach-food-tech-2025-w-warszawie\/\">Read more<\/a>\n               <\/div>\n            <\/div>\n         <\/div>\n      <\/div>   \n   <\/article>   \n<\/div>\n\n          <\/div>\n      <\/div>\n                <div class=\"pagination\">\n                        <\/div>\n        <\/div>\n  <\/div>\t\t\t\t<\/div>\n\t\t\t\t<\/div>\n\t\t\t\t\t<\/div>\n\t\t<\/div>\n\t\t\t\t\t<\/div>\n\t\t<\/section>\n\t\t\t\t<\/div>","protected":false},"excerpt":{"rendered":"<p>10 Jan, 2021 by&nbsp;admin1 com\u00adment The sev\u00aden phas\u00ades of a cyber attack Read more 3 Jan, 2021 by&nbsp;admin1 com\u00adment Build a pow\u00ader\u00adful build\u00ading mate\u00adri\u00adals Read more 3 Jan, 2021 by&nbsp;admin0 [\u2026]<\/p>","protected":false},"author":1,"featured_media":0,"parent":0,"menu_order":0,"comment_status":"closed","ping_status":"closed","template":"","meta":{"_acf_changed":false,"wp_typography_post_enhancements_disabled":false,"_themeisle_gutenberg_block_has_review":false,"footnotes":""},"class_list":["post-7968","page","type-page","status-publish","hentry","post"],"acf":[],"yoast_head":"<!-- This site is optimized with the Yoast SEO plugin v26.3 - https:\/\/yoast.com\/wordpress\/plugins\/seo\/ -->\n<title>Blog (backup) - EAPOL<\/title>\n<meta name=\"robots\" content=\"index, follow, max-snippet:-1, max-image-preview:large, max-video-preview:-1\" \/>\n<link rel=\"canonical\" href=\"https:\/\/www.eapol.pl\/en\/blog_backup\/\" \/>\n<meta property=\"og:locale\" content=\"en_GB\" \/>\n<meta property=\"og:type\" content=\"article\" \/>\n<meta property=\"og:title\" content=\"Blog (backup) - EAPOL\" \/>\n<meta property=\"og:description\" content=\"10 Jan, 2021 by&nbsp;admin1 comment The seven phases of a cyber attack Read more 3 Jan, 2021 by&nbsp;admin1 comment Build a powerful building materials Read more 3 Jan, 2021 by&nbsp;admin0 [&hellip;]\" \/>\n<meta property=\"og:url\" content=\"https:\/\/www.eapol.pl\/en\/blog_backup\/\" \/>\n<meta property=\"og:site_name\" content=\"EAPOL\" \/>\n<meta property=\"article:modified_time\" content=\"2025-11-18T09:06:19+00:00\" \/>\n<meta name=\"twitter:card\" content=\"summary_large_image\" \/>\n<meta name=\"twitter:label1\" content=\"Estimated reading time\" \/>\n\t<meta name=\"twitter:data1\" content=\"2 minutes\" \/>\n<script type=\"application\/ld+json\" class=\"yoast-schema-graph\">{\"@context\":\"https:\/\/schema.org\",\"@graph\":[{\"@type\":\"WebPage\",\"@id\":\"https:\/\/www.eapol.pl\/blog_backup\/\",\"url\":\"https:\/\/www.eapol.pl\/blog_backup\/\",\"name\":\"Blog (backup) - EAPOL\",\"isPartOf\":{\"@id\":\"https:\/\/www.eapol.pl\/#website\"},\"datePublished\":\"2020-04-11T08:36:29+00:00\",\"dateModified\":\"2025-11-18T09:06:19+00:00\",\"breadcrumb\":{\"@id\":\"https:\/\/www.eapol.pl\/blog_backup\/#breadcrumb\"},\"inLanguage\":\"en-GB\",\"potentialAction\":[{\"@type\":\"ReadAction\",\"target\":[\"https:\/\/www.eapol.pl\/blog_backup\/\"]}]},{\"@type\":\"BreadcrumbList\",\"@id\":\"https:\/\/www.eapol.pl\/blog_backup\/#breadcrumb\",\"itemListElement\":[{\"@type\":\"ListItem\",\"position\":1,\"name\":\"Strona g\u0142\u00f3wna\",\"item\":\"https:\/\/www.eapol.pl\/\"},{\"@type\":\"ListItem\",\"position\":2,\"name\":\"Blog (backup)\"}]},{\"@type\":\"WebSite\",\"@id\":\"https:\/\/www.eapol.pl\/#website\",\"url\":\"https:\/\/www.eapol.pl\/\",\"name\":\"EAPOL\",\"description\":\"\",\"publisher\":{\"@id\":\"https:\/\/www.eapol.pl\/#organization\"},\"potentialAction\":[{\"@type\":\"SearchAction\",\"target\":{\"@type\":\"EntryPoint\",\"urlTemplate\":\"https:\/\/www.eapol.pl\/?s={search_term_string}\"},\"query-input\":{\"@type\":\"PropertyValueSpecification\",\"valueRequired\":true,\"valueName\":\"search_term_string\"}}],\"inLanguage\":\"en-GB\"},{\"@type\":\"Organization\",\"@id\":\"https:\/\/www.eapol.pl\/#organization\",\"name\":\"EAPOL\",\"url\":\"https:\/\/www.eapol.pl\/\",\"logo\":{\"@type\":\"ImageObject\",\"inLanguage\":\"en-GB\",\"@id\":\"https:\/\/www.eapol.pl\/#\/schema\/logo\/image\/\",\"url\":\"https:\/\/www.eapol.pl\/wp-content\/uploads\/2019\/05\/logo2-1.png\",\"contentUrl\":\"https:\/\/www.eapol.pl\/wp-content\/uploads\/2019\/05\/logo2-1.png\",\"width\":411,\"height\":207,\"caption\":\"EAPOL\"},\"image\":{\"@id\":\"https:\/\/www.eapol.pl\/#\/schema\/logo\/image\/\"}}]}<\/script>\n<!-- \/ Yoast SEO plugin. -->","yoast_head_json":{"title":"Blog (back\u00adup) \u2014 EAPOL","robots":{"index":"index","follow":"follow","max-snippet":"max-snippet:-1","max-image-preview":"max-image-preview:large","max-video-preview":"max-video-preview:-1"},"canonical":"https:\/\/www.eapol.pl\/en\/blog_backup\/","og_locale":"en_GB","og_type":"article","og_title":"Blog (backup) - EAPOL","og_description":"10 Jan, 2021 by&nbsp;admin1 comment The seven phases of a cyber attack Read more 3 Jan, 2021 by&nbsp;admin1 comment Build a powerful building materials Read more 3 Jan, 2021 by&nbsp;admin0 [&hellip;]","og_url":"https:\/\/www.eapol.pl\/en\/blog_backup\/","og_site_name":"EAPOL","article_modified_time":"2025-11-18T09:06:19+00:00","twitter_card":"summary_large_image","twitter_misc":{"Estimated reading time":"2 minutes"},"schema":{"@context":"https:\/\/schema.org","@graph":[{"@type":"WebPage","@id":"https:\/\/www.eapol.pl\/blog_backup\/","url":"https:\/\/www.eapol.pl\/blog_backup\/","name":"Blog (back\u00adup) \u2014 EAPOL","isPartOf":{"@id":"https:\/\/www.eapol.pl\/#website"},"datePublished":"2020-04-11T08:36:29+00:00","dateModified":"2025-11-18T09:06:19+00:00","breadcrumb":{"@id":"https:\/\/www.eapol.pl\/blog_backup\/#breadcrumb"},"inLanguage":"en-GB","potentialAction":[{"@type":"ReadAction","target":["https:\/\/www.eapol.pl\/blog_backup\/"]}]},{"@type":"BreadcrumbList","@id":"https:\/\/www.eapol.pl\/blog_backup\/#breadcrumb","itemListElement":[{"@type":"ListItem","position":1,"name":"Strona g\u0142\u00f3wna","item":"https:\/\/www.eapol.pl\/"},{"@type":"ListItem","position":2,"name":"Blog (backup)"}]},{"@type":"WebSite","@id":"https:\/\/www.eapol.pl\/#website","url":"https:\/\/www.eapol.pl\/","name":"EAPOL","description":"","publisher":{"@id":"https:\/\/www.eapol.pl\/#organization"},"potentialAction":[{"@type":"SearchAction","target":{"@type":"EntryPoint","urlTemplate":"https:\/\/www.eapol.pl\/?s={search_term_string}"},"query-input":{"@type":"PropertyValueSpecification","valueRequired":true,"valueName":"search_term_string"}}],"inLanguage":"en-GB"},{"@type":"Organization","@id":"https:\/\/www.eapol.pl\/#organization","name":"EAPOL","url":"https:\/\/www.eapol.pl\/","logo":{"@type":"ImageObject","inLanguage":"en-GB","@id":"https:\/\/www.eapol.pl\/#\/schema\/logo\/image\/","url":"https:\/\/www.eapol.pl\/wp-content\/uploads\/2019\/05\/logo2-1.png","contentUrl":"https:\/\/www.eapol.pl\/wp-content\/uploads\/2019\/05\/logo2-1.png","width":411,"height":207,"caption":"EAPOL"},"image":{"@id":"https:\/\/www.eapol.pl\/#\/schema\/logo\/image\/"}}]}},"_links":{"self":[{"href":"https:\/\/www.eapol.pl\/en\/wp-json\/wp\/v2\/pages\/7968","targetHints":{"allow":["GET"]}}],"collection":[{"href":"https:\/\/www.eapol.pl\/en\/wp-json\/wp\/v2\/pages"}],"about":[{"href":"https:\/\/www.eapol.pl\/en\/wp-json\/wp\/v2\/types\/page"}],"author":[{"embeddable":true,"href":"https:\/\/www.eapol.pl\/en\/wp-json\/wp\/v2\/users\/1"}],"replies":[{"embeddable":true,"href":"https:\/\/www.eapol.pl\/en\/wp-json\/wp\/v2\/comments?post=7968"}],"version-history":[{"count":3,"href":"https:\/\/www.eapol.pl\/en\/wp-json\/wp\/v2\/pages\/7968\/revisions"}],"predecessor-version":[{"id":16557,"href":"https:\/\/www.eapol.pl\/en\/wp-json\/wp\/v2\/pages\/7968\/revisions\/16557"}],"wp:attachment":[{"href":"https:\/\/www.eapol.pl\/en\/wp-json\/wp\/v2\/media?parent=7968"}],"curies":[{"name":"wp","href":"https:\/\/api.w.org\/{rel}","templated":true}]}}